{"id":530929,"date":"2023-02-03T14:18:52","date_gmt":"2023-02-03T13:18:52","guid":{"rendered":"https:\/\/tilefly.com\/producto\/elementi-graphite-mt-60x120-rect\/"},"modified":"2024-08-13T14:35:56","modified_gmt":"2024-08-13T12:35:56","slug":"elementi-graphite-mt-60x120-rect","status":"publish","type":"product","link":"https:\/\/tilefly.com\/de\/produkt\/elementi-graphite-mt-60x120-rect\/","title":{"rendered":"ELEMENTI GRAPHITE MT 60X120 RECT"},"content":{"rendered":"<h1><strong>Elementi Graphite Mt 60X120 Rect Glazed Matte Feinsteinzeug Fliesen<\/strong><\/h1><p>Diese Fliese aus der Serie Elementi im Format 60X120 ist eine matt glasierte Feinsteinzeugfliese in der Farbe Graphit in matter Ausf\u00fchrung.<\/p><h2>Elementi Serie<\/h2><p>Die Serie <a href=\"https:\/\/tilefly.com\/producto\/elementi\/\">Elementi<\/a> ist dazu bestimmt, die Haut schlechthin f\u00fcr moderne R\u00e4ume zu sein.<br \/>Dieses Design geht \u00fcber den traditionellen Betoneffekt hinaus.<br \/>Durch die Aufmerksamkeit f\u00fcr Oberfl\u00e4chendetails und die Entf\u00e4rbung der St\u00fccke geht es \u00fcber den Minimalismus hinaus und wird zum Protagonisten des Looks mit einer starken Identit\u00e4t.  <\/p>","protected":false},"excerpt":{"rendered":"<p>Elementi Graphite Mt 60X120 Rect Glazed Matte Feinsteinzeug FliesenDiese Fliese aus der Serie Elementi im Format 60X120 ist eine matt glasierte Feinsteinzeugfliese in der Farbe Graphit in matter Ausf\u00fchrung.Elementi SerieDie Serie Elementi ist dazu bestimmt, die Haut schlechthin f\u00fcr moderne R\u00e4ume zu sein.Dieses Design geht \u00fcber den traditionellen Betoneffekt hinaus.Durch die Aufmerksamkeit f\u00fcr Oberfl\u00e4chendetails und [&hellip;]<\/p>\n","protected":false},"featured_media":521773,"comment_status":"open","ping_status":"closed","template":"","meta":[],"product_brand":[],"product_cat":[457,458,456,459],"product_tag":[],"class_list":{"0":"post-530929","1":"product","2":"type-product","3":"status-publish","4":"has-post-thumbnail","6":"product_cat-badezimmer","7":"product_cat-kuchen","8":"product_cat-vohnzimmer","9":"product_cat-wandfliesen","11":"first","12":"outofstock","13":"shipping-taxable","14":"purchasable","15":"product-type-simple"},"_links":{"self":[{"href":"https:\/\/tilefly.com\/de\/wp-json\/wp\/v2\/product\/530929","targetHints":{"allow":["GET"]}}],"collection":[{"href":"https:\/\/tilefly.com\/de\/wp-json\/wp\/v2\/product"}],"about":[{"href":"https:\/\/tilefly.com\/de\/wp-json\/wp\/v2\/types\/product"}],"replies":[{"embeddable":true,"href":"https:\/\/tilefly.com\/de\/wp-json\/wp\/v2\/comments?post=530929"}],"wp:featuredmedia":[{"embeddable":true,"href":"https:\/\/tilefly.com\/de\/wp-json\/wp\/v2\/media\/521773"}],"wp:attachment":[{"href":"https:\/\/tilefly.com\/de\/wp-json\/wp\/v2\/media?parent=530929"}],"wp:term":[{"taxonomy":"product_brand","embeddable":true,"href":"https:\/\/tilefly.com\/de\/wp-json\/wp\/v2\/product_brand?post=530929"},{"taxonomy":"product_cat","embeddable":true,"href":"https:\/\/tilefly.com\/de\/wp-json\/wp\/v2\/product_cat?post=530929"},{"taxonomy":"product_tag","embeddable":true,"href":"https:\/\/tilefly.com\/de\/wp-json\/wp\/v2\/product_tag?post=530929"}],"curies":[{"name":"wp","href":"https:\/\/api.w.org\/{rel}","templated":true}]}}