{"id":530928,"date":"2023-02-03T15:14:51","date_gmt":"2023-02-03T14:14:51","guid":{"rendered":"https:\/\/tilefly.com\/producto\/antid-plus-elementi-beige-mt-60x120-rect-20mm\/"},"modified":"2024-08-13T14:35:56","modified_gmt":"2024-08-13T12:35:56","slug":"antid-plus-elementi-beige-mt-60x120-rect-20mm","status":"publish","type":"product","link":"https:\/\/tilefly.com\/de\/produkt\/antid-plus-elementi-beige-mt-60x120-rect-20mm\/","title":{"rendered":"ANTID PLUS ELEMENTI BEIGE MT 60X120 RECT (20MM)"},"content":{"rendered":"<h1><strong>Antid Plus Elementi Beige Mt 60X120 Rect (20Mm) Glasiertes mattes Feinsteinzeug<\/strong><\/h1><p>Diese Fliese aus der Serie Elementi im Format 60X120 ist eine matt glasierte Feinsteinzeugfliese in der Farbe Beige mit matter Oberfl\u00e4che.<\/p><h2>Elementi Serie<\/h2><p>Die Serie <a href=\"https:\/\/tilefly.com\/producto\/elementi\/\">Elementi<\/a> ist dazu bestimmt, die Haut schlechthin f\u00fcr moderne R\u00e4ume zu sein.<br \/>Dieses Design geht \u00fcber den traditionellen Betoneffekt hinaus.<br \/>Durch die Aufmerksamkeit f\u00fcr Oberfl\u00e4chendetails und die Entf\u00e4rbung der St\u00fccke geht es \u00fcber den Minimalismus hinaus und wird zum Protagonisten des Looks mit einer starken Identit\u00e4t.  <\/p>","protected":false},"excerpt":{"rendered":"<p>Antid Plus Elementi Beige Mt 60X120 Rect (20Mm) Glasiertes mattes FeinsteinzeugDiese Fliese aus der Serie Elementi im Format 60X120 ist eine matt glasierte Feinsteinzeugfliese in der Farbe Beige mit matter Oberfl\u00e4che.Elementi SerieDie Serie Elementi ist dazu bestimmt, die Haut schlechthin f\u00fcr moderne R\u00e4ume zu sein.Dieses Design geht \u00fcber den traditionellen Betoneffekt hinaus.Durch die Aufmerksamkeit f\u00fcr [&hellip;]<\/p>\n","protected":false},"featured_media":521844,"comment_status":"open","ping_status":"closed","template":"","meta":[],"product_brand":[],"product_cat":[457,458,456,459],"product_tag":[],"class_list":{"0":"post-530928","1":"product","2":"type-product","3":"status-publish","4":"has-post-thumbnail","6":"product_cat-badezimmer","7":"product_cat-kuchen","8":"product_cat-vohnzimmer","9":"product_cat-wandfliesen","11":"first","12":"instock","13":"shipping-taxable","14":"purchasable","15":"product-type-simple"},"_links":{"self":[{"href":"https:\/\/tilefly.com\/de\/wp-json\/wp\/v2\/product\/530928","targetHints":{"allow":["GET"]}}],"collection":[{"href":"https:\/\/tilefly.com\/de\/wp-json\/wp\/v2\/product"}],"about":[{"href":"https:\/\/tilefly.com\/de\/wp-json\/wp\/v2\/types\/product"}],"replies":[{"embeddable":true,"href":"https:\/\/tilefly.com\/de\/wp-json\/wp\/v2\/comments?post=530928"}],"wp:featuredmedia":[{"embeddable":true,"href":"https:\/\/tilefly.com\/de\/wp-json\/wp\/v2\/media\/521844"}],"wp:attachment":[{"href":"https:\/\/tilefly.com\/de\/wp-json\/wp\/v2\/media?parent=530928"}],"wp:term":[{"taxonomy":"product_brand","embeddable":true,"href":"https:\/\/tilefly.com\/de\/wp-json\/wp\/v2\/product_brand?post=530928"},{"taxonomy":"product_cat","embeddable":true,"href":"https:\/\/tilefly.com\/de\/wp-json\/wp\/v2\/product_cat?post=530928"},{"taxonomy":"product_tag","embeddable":true,"href":"https:\/\/tilefly.com\/de\/wp-json\/wp\/v2\/product_tag?post=530928"}],"curies":[{"name":"wp","href":"https:\/\/api.w.org\/{rel}","templated":true}]}}