{"id":530870,"date":"2022-05-09T16:45:51","date_gmt":"2022-05-09T14:45:51","guid":{"rendered":"https:\/\/tilefly.com\/producto\/erawan-almond-60x120-rect-inout\/"},"modified":"2024-08-13T14:34:13","modified_gmt":"2024-08-13T12:34:13","slug":"erawan-almond-60x120-rect-inout","status":"publish","type":"product","link":"https:\/\/tilefly.com\/de\/produkt\/erawan-almond-60x120-rect-inout\/","title":{"rendered":"ERAWAN ALMOND 60X120 RECT. INOUT"},"content":{"rendered":"<p>Dieses Feinsteinzeug der Serie ERAWAN zeichnet sich durch sein Material Feinsteinzeug Coloured Mass aus, das zu den widerstandsf\u00e4higsten auf dem Markt geh\u00f6rt. Es hat eine Zementimitation mit einer matten Oberfl\u00e4che im Format 60X120 RECT.<\/p>","protected":false},"excerpt":{"rendered":"<p>Dieses Feinsteinzeug der Serie ERAWAN zeichnet sich durch sein Material Feinsteinzeug Coloured Mass aus, das zu den widerstandsf\u00e4higsten auf dem Markt geh\u00f6rt. Es hat eine Zementimitation mit einer matten Oberfl\u00e4che im Format 60X120 RECT.<\/p>\n","protected":false},"featured_media":514770,"comment_status":"closed","ping_status":"closed","template":"","meta":[],"product_brand":[],"product_cat":[457,460,458,456,459],"product_tag":[],"class_list":{"0":"post-530870","1":"product","2":"type-product","3":"status-publish","4":"has-post-thumbnail","6":"product_cat-badezimmer","7":"product_cat-bodenfliesen","8":"product_cat-kuchen","9":"product_cat-vohnzimmer","10":"product_cat-wandfliesen","12":"first","13":"outofstock","14":"shipping-taxable","15":"purchasable","16":"product-type-simple"},"_links":{"self":[{"href":"https:\/\/tilefly.com\/de\/wp-json\/wp\/v2\/product\/530870","targetHints":{"allow":["GET"]}}],"collection":[{"href":"https:\/\/tilefly.com\/de\/wp-json\/wp\/v2\/product"}],"about":[{"href":"https:\/\/tilefly.com\/de\/wp-json\/wp\/v2\/types\/product"}],"replies":[{"embeddable":true,"href":"https:\/\/tilefly.com\/de\/wp-json\/wp\/v2\/comments?post=530870"}],"wp:featuredmedia":[{"embeddable":true,"href":"https:\/\/tilefly.com\/de\/wp-json\/wp\/v2\/media\/514770"}],"wp:attachment":[{"href":"https:\/\/tilefly.com\/de\/wp-json\/wp\/v2\/media?parent=530870"}],"wp:term":[{"taxonomy":"product_brand","embeddable":true,"href":"https:\/\/tilefly.com\/de\/wp-json\/wp\/v2\/product_brand?post=530870"},{"taxonomy":"product_cat","embeddable":true,"href":"https:\/\/tilefly.com\/de\/wp-json\/wp\/v2\/product_cat?post=530870"},{"taxonomy":"product_tag","embeddable":true,"href":"https:\/\/tilefly.com\/de\/wp-json\/wp\/v2\/product_tag?post=530870"}],"curies":[{"name":"wp","href":"https:\/\/api.w.org\/{rel}","templated":true}]}}