{"id":530857,"date":"2021-10-11T13:48:54","date_gmt":"2024-08-13T12:34:06","guid":{"rendered":"https:\/\/tilefly.com\/producto\/melange-noir-natural-60x120\/"},"modified":"2024-08-13T14:34:06","modified_gmt":"2024-08-13T12:34:06","slug":"melange-noir-natural-60x120","status":"publish","type":"product","link":"https:\/\/tilefly.com\/de\/produkt\/melange-noir-natural-60x120\/","title":{"rendered":"MELANGE NOIR NATURAL 60X120"},"content":{"rendered":"<p>Die Mischung aus verschiedenen Steindesigns, mit denen Sie Ihren Raum schm\u00fccken k\u00f6nnen, f\u00fchrt zu einem Spiel aus Licht und Schatten, das verschiedene Oberfl\u00e4chen mit einem zarten und modernen Finish bietet.<br \/>Die Palette mit 5 raffinierten Farben wurde im Rahmen des Trends zu ruhigen und gelassenen Farben geschaffen, die Sie auch in verschiedenen Formaten 60X60, 60X120 und 90X180 finden k\u00f6nnen. <\/p>","protected":false},"excerpt":{"rendered":"<p>Die Mischung aus verschiedenen Steindesigns, mit denen Sie Ihren Raum schm\u00fccken k\u00f6nnen, f\u00fchrt zu einem Spiel aus Licht und Schatten, das verschiedene Oberfl\u00e4chen mit einem zarten und modernen Finish bietet.Die Palette mit 5 raffinierten Farben wurde im Rahmen des Trends zu ruhigen und gelassenen Farben geschaffen, die Sie auch in verschiedenen Formaten 60X60, 60X120 und [&hellip;]<\/p>\n","protected":false},"featured_media":513288,"comment_status":"closed","ping_status":"closed","template":"","meta":[],"product_brand":[],"product_cat":[457,460,458,456,459],"product_tag":[],"class_list":{"0":"post-530857","1":"product","2":"type-product","3":"status-publish","4":"has-post-thumbnail","6":"product_cat-badezimmer","7":"product_cat-bodenfliesen","8":"product_cat-kuchen","9":"product_cat-vohnzimmer","10":"product_cat-wandfliesen","12":"first","13":"outofstock","14":"shipping-taxable","15":"purchasable","16":"product-type-simple"},"_links":{"self":[{"href":"https:\/\/tilefly.com\/de\/wp-json\/wp\/v2\/product\/530857","targetHints":{"allow":["GET"]}}],"collection":[{"href":"https:\/\/tilefly.com\/de\/wp-json\/wp\/v2\/product"}],"about":[{"href":"https:\/\/tilefly.com\/de\/wp-json\/wp\/v2\/types\/product"}],"replies":[{"embeddable":true,"href":"https:\/\/tilefly.com\/de\/wp-json\/wp\/v2\/comments?post=530857"}],"wp:featuredmedia":[{"embeddable":true,"href":"https:\/\/tilefly.com\/de\/wp-json\/wp\/v2\/media\/513288"}],"wp:attachment":[{"href":"https:\/\/tilefly.com\/de\/wp-json\/wp\/v2\/media?parent=530857"}],"wp:term":[{"taxonomy":"product_brand","embeddable":true,"href":"https:\/\/tilefly.com\/de\/wp-json\/wp\/v2\/product_brand?post=530857"},{"taxonomy":"product_cat","embeddable":true,"href":"https:\/\/tilefly.com\/de\/wp-json\/wp\/v2\/product_cat?post=530857"},{"taxonomy":"product_tag","embeddable":true,"href":"https:\/\/tilefly.com\/de\/wp-json\/wp\/v2\/product_tag?post=530857"}],"curies":[{"name":"wp","href":"https:\/\/api.w.org\/{rel}","templated":true}]}}