{"id":530811,"date":"2020-10-16T07:46:07","date_gmt":"2024-08-13T12:33:22","guid":{"rendered":"https:\/\/tilefly.com\/producto\/flavin-ferro-60x120\/"},"modified":"2024-08-13T14:33:22","modified_gmt":"2024-08-13T12:33:22","slug":"flavin-ferro-60x120","status":"publish","type":"product","link":"https:\/\/tilefly.com\/de\/produkt\/flavin-ferro-60x120\/","title":{"rendered":"FLAVIN FERRO 60X120"},"content":{"rendered":"<p>Dekoration in zwei verschiedenen Ausf\u00fchrungen: eine mit Beiget\u00f6nen auf der Basis Fumo und die andere mit Graut\u00f6nen auf der Basis Ferro.<br \/>Der Siebdruck ist in die Basis integriert, um das Design zu kreieren, das auch f\u00fcr Textur sorgt. <\/p>","protected":false},"excerpt":{"rendered":"<p>Dekoration in zwei verschiedenen Ausf\u00fchrungen: eine mit Beiget\u00f6nen auf der Basis Fumo und die andere mit Graut\u00f6nen auf der Basis Ferro.Der Siebdruck ist in die Basis integriert, um das Design zu kreieren, das auch f\u00fcr Textur sorgt.<\/p>\n","protected":false},"featured_media":530813,"comment_status":"open","ping_status":"closed","template":"","meta":[],"product_brand":[],"product_cat":[457,458,459],"product_tag":[],"class_list":{"0":"post-530811","1":"product","2":"type-product","3":"status-publish","4":"has-post-thumbnail","6":"product_cat-badezimmer","7":"product_cat-kuchen","8":"product_cat-wandfliesen","10":"first","11":"outofstock","12":"shipping-taxable","13":"purchasable","14":"product-type-simple"},"_links":{"self":[{"href":"https:\/\/tilefly.com\/de\/wp-json\/wp\/v2\/product\/530811","targetHints":{"allow":["GET"]}}],"collection":[{"href":"https:\/\/tilefly.com\/de\/wp-json\/wp\/v2\/product"}],"about":[{"href":"https:\/\/tilefly.com\/de\/wp-json\/wp\/v2\/types\/product"}],"replies":[{"embeddable":true,"href":"https:\/\/tilefly.com\/de\/wp-json\/wp\/v2\/comments?post=530811"}],"wp:featuredmedia":[{"embeddable":true,"href":"https:\/\/tilefly.com\/de\/wp-json\/wp\/v2\/media\/530813"}],"wp:attachment":[{"href":"https:\/\/tilefly.com\/de\/wp-json\/wp\/v2\/media?parent=530811"}],"wp:term":[{"taxonomy":"product_brand","embeddable":true,"href":"https:\/\/tilefly.com\/de\/wp-json\/wp\/v2\/product_brand?post=530811"},{"taxonomy":"product_cat","embeddable":true,"href":"https:\/\/tilefly.com\/de\/wp-json\/wp\/v2\/product_cat?post=530811"},{"taxonomy":"product_tag","embeddable":true,"href":"https:\/\/tilefly.com\/de\/wp-json\/wp\/v2\/product_tag?post=530811"}],"curies":[{"name":"wp","href":"https:\/\/api.w.org\/{rel}","templated":true}]}}