{"id":530796,"date":"2020-10-16T07:46:07","date_gmt":"2024-08-13T12:33:15","guid":{"rendered":"https:\/\/tilefly.com\/producto\/factory-fumo-rec-60x120\/"},"modified":"2024-08-13T14:33:15","modified_gmt":"2024-08-13T12:33:15","slug":"factory-fumo-rec-60x120","status":"publish","type":"product","link":"https:\/\/tilefly.com\/de\/produkt\/factory-fumo-rec-60x120\/","title":{"rendered":"FACTORY FUMO REC 60X120"},"content":{"rendered":"<p>Serie Factory, Fliesen mit zementartiger Oberfl\u00e4che, die f\u00fcr die Gestaltung moderner R\u00e4ume konzipiert wurden.<br \/>Die Farben der Serie hei\u00dfen Fumo (Smoke), Ferro (Iron) und Grafite (Graphite).<br \/>Erh\u00e4ltlich in den Formaten 20&#215;20, 30&#215;60, 60&#215;60 und 60&#215;120.  <\/p>","protected":false},"excerpt":{"rendered":"<p>Serie Factory, Fliesen mit zementartiger Oberfl\u00e4che, die f\u00fcr die Gestaltung moderner R\u00e4ume konzipiert wurden.Die Farben der Serie hei\u00dfen Fumo (Smoke), Ferro (Iron) und Grafite (Graphite).Erh\u00e4ltlich in den Formaten 20&#215;20, 30&#215;60, 60&#215;60 und 60&#215;120.<\/p>\n","protected":false},"featured_media":123710,"comment_status":"open","ping_status":"closed","template":"","meta":[],"product_brand":[],"product_cat":[460,456],"product_tag":[],"class_list":{"0":"post-530796","1":"product","2":"type-product","3":"status-publish","4":"has-post-thumbnail","6":"product_cat-bodenfliesen","7":"product_cat-vohnzimmer","9":"first","10":"outofstock","11":"shipping-taxable","12":"purchasable","13":"product-type-simple"},"_links":{"self":[{"href":"https:\/\/tilefly.com\/de\/wp-json\/wp\/v2\/product\/530796","targetHints":{"allow":["GET"]}}],"collection":[{"href":"https:\/\/tilefly.com\/de\/wp-json\/wp\/v2\/product"}],"about":[{"href":"https:\/\/tilefly.com\/de\/wp-json\/wp\/v2\/types\/product"}],"replies":[{"embeddable":true,"href":"https:\/\/tilefly.com\/de\/wp-json\/wp\/v2\/comments?post=530796"}],"wp:featuredmedia":[{"embeddable":true,"href":"https:\/\/tilefly.com\/de\/wp-json\/wp\/v2\/media\/123710"}],"wp:attachment":[{"href":"https:\/\/tilefly.com\/de\/wp-json\/wp\/v2\/media?parent=530796"}],"wp:term":[{"taxonomy":"product_brand","embeddable":true,"href":"https:\/\/tilefly.com\/de\/wp-json\/wp\/v2\/product_brand?post=530796"},{"taxonomy":"product_cat","embeddable":true,"href":"https:\/\/tilefly.com\/de\/wp-json\/wp\/v2\/product_cat?post=530796"},{"taxonomy":"product_tag","embeddable":true,"href":"https:\/\/tilefly.com\/de\/wp-json\/wp\/v2\/product_tag?post=530796"}],"curies":[{"name":"wp","href":"https:\/\/api.w.org\/{rel}","templated":true}]}}