{"id":530773,"date":"2020-10-14T22:46:14","date_gmt":"2024-08-13T12:33:06","guid":{"rendered":"https:\/\/tilefly.com\/producto\/diurne-oxide-rec-60x120\/"},"modified":"2024-08-13T14:33:06","modified_gmt":"2024-08-13T12:33:06","slug":"diurne-oxide-rec-60x120","status":"publish","type":"product","link":"https:\/\/tilefly.com\/de\/produkt\/diurne-oxide-rec-60x120\/","title":{"rendered":"DIURNE OXIDE REC 60X120"},"content":{"rendered":"<p>Avantgardistisches und industrielles Design. Dieses Feinsteinzeug reproduziert originalgetreu das Aussehen eines mit der Zeit gealterten Blechs.<br \/>Sehr vielseitig f\u00fcr Boden und Wand, k\u00f6nnen Sie sie mit den Fliesen 20\u00d720 Ethnic oder Plate kombinieren. <\/p>","protected":false},"excerpt":{"rendered":"<p>Avantgardistisches und industrielles Design. Dieses Feinsteinzeug reproduziert originalgetreu das Aussehen eines mit der Zeit gealterten Blechs.Sehr vielseitig f\u00fcr Boden und Wand, k\u00f6nnen Sie sie mit den Fliesen 20\u00d720 Ethnic oder Plate kombinieren.<\/p>\n","protected":false},"featured_media":121015,"comment_status":"open","ping_status":"closed","template":"","meta":[],"product_brand":[],"product_cat":[457,458,459],"product_tag":[],"class_list":{"0":"post-530773","1":"product","2":"type-product","3":"status-publish","4":"has-post-thumbnail","6":"product_cat-badezimmer","7":"product_cat-kuchen","8":"product_cat-wandfliesen","10":"first","11":"instock","12":"shipping-taxable","13":"purchasable","14":"product-type-simple"},"_links":{"self":[{"href":"https:\/\/tilefly.com\/de\/wp-json\/wp\/v2\/product\/530773","targetHints":{"allow":["GET"]}}],"collection":[{"href":"https:\/\/tilefly.com\/de\/wp-json\/wp\/v2\/product"}],"about":[{"href":"https:\/\/tilefly.com\/de\/wp-json\/wp\/v2\/types\/product"}],"replies":[{"embeddable":true,"href":"https:\/\/tilefly.com\/de\/wp-json\/wp\/v2\/comments?post=530773"}],"wp:featuredmedia":[{"embeddable":true,"href":"https:\/\/tilefly.com\/de\/wp-json\/wp\/v2\/media\/121015"}],"wp:attachment":[{"href":"https:\/\/tilefly.com\/de\/wp-json\/wp\/v2\/media?parent=530773"}],"wp:term":[{"taxonomy":"product_brand","embeddable":true,"href":"https:\/\/tilefly.com\/de\/wp-json\/wp\/v2\/product_brand?post=530773"},{"taxonomy":"product_cat","embeddable":true,"href":"https:\/\/tilefly.com\/de\/wp-json\/wp\/v2\/product_cat?post=530773"},{"taxonomy":"product_tag","embeddable":true,"href":"https:\/\/tilefly.com\/de\/wp-json\/wp\/v2\/product_tag?post=530773"}],"curies":[{"name":"wp","href":"https:\/\/api.w.org\/{rel}","templated":true}]}}