{"id":530455,"date":"2020-09-08T15:10:44","date_gmt":"2024-08-13T12:23:57","guid":{"rendered":"https:\/\/tilefly.com\/producto\/giogia-bianco-pulido-60x120\/"},"modified":"2024-08-13T14:23:57","modified_gmt":"2024-08-13T12:23:57","slug":"giogia-bianco-pulido-60x120","status":"publish","type":"product","link":"https:\/\/tilefly.com\/de\/produkt\/giogia-bianco-pulido-60x120\/","title":{"rendered":"GIOGIA BIANCO PULIDO 60X120"},"content":{"rendered":"<p>Giogia Bianco Polished Mirror Glazed Feinsteinzeug in 60&#215;120 Luxe ist Widerstand und chromatischer Reichtum, eine Kollektion, die extravagante Marmore mit nat\u00fcrlichen und polierten Oberfl\u00e4chen einschlie\u00dft, die Ihrem Raum eine starke Pers\u00f6nlichkeit verleihen.<br \/>Eine elegante und prominente Oberfl\u00e4che, die nie aus der Mode kommen wird.<br \/>Die 9 trendigen Farben sind ein dekoratives Vergn\u00fcgen, das dem Raum eine gro\u00dfe visuelle Kontinuit\u00e4t verleiht. Sie sind auch in verschiedenen Formaten von 60&#215;60, 60&#215;120 und 80&#215;160 erh\u00e4ltlich.  <\/p>","protected":false},"excerpt":{"rendered":"<p>Giogia Bianco Polished Mirror Glazed Feinsteinzeug in 60&#215;120 Luxe ist Widerstand und chromatischer Reichtum, eine Kollektion, die extravagante Marmore mit nat\u00fcrlichen und polierten Oberfl\u00e4chen einschlie\u00dft, die Ihrem Raum eine starke Pers\u00f6nlichkeit verleihen.Eine elegante und prominente Oberfl\u00e4che, die nie aus der Mode kommen wird.Die 9 trendigen Farben sind ein dekoratives Vergn\u00fcgen, das dem Raum eine gro\u00dfe [&hellip;]<\/p>\n","protected":false},"featured_media":82378,"comment_status":"open","ping_status":"closed","template":"","meta":[],"product_brand":[],"product_cat":[457,458,456,459],"product_tag":[],"class_list":{"0":"post-530455","1":"product","2":"type-product","3":"status-publish","4":"has-post-thumbnail","6":"product_cat-badezimmer","7":"product_cat-kuchen","8":"product_cat-vohnzimmer","9":"product_cat-wandfliesen","11":"first","12":"outofstock","13":"shipping-taxable","14":"purchasable","15":"product-type-simple"},"_links":{"self":[{"href":"https:\/\/tilefly.com\/de\/wp-json\/wp\/v2\/product\/530455","targetHints":{"allow":["GET"]}}],"collection":[{"href":"https:\/\/tilefly.com\/de\/wp-json\/wp\/v2\/product"}],"about":[{"href":"https:\/\/tilefly.com\/de\/wp-json\/wp\/v2\/types\/product"}],"replies":[{"embeddable":true,"href":"https:\/\/tilefly.com\/de\/wp-json\/wp\/v2\/comments?post=530455"}],"wp:featuredmedia":[{"embeddable":true,"href":"https:\/\/tilefly.com\/de\/wp-json\/wp\/v2\/media\/82378"}],"wp:attachment":[{"href":"https:\/\/tilefly.com\/de\/wp-json\/wp\/v2\/media?parent=530455"}],"wp:term":[{"taxonomy":"product_brand","embeddable":true,"href":"https:\/\/tilefly.com\/de\/wp-json\/wp\/v2\/product_brand?post=530455"},{"taxonomy":"product_cat","embeddable":true,"href":"https:\/\/tilefly.com\/de\/wp-json\/wp\/v2\/product_cat?post=530455"},{"taxonomy":"product_tag","embeddable":true,"href":"https:\/\/tilefly.com\/de\/wp-json\/wp\/v2\/product_tag?post=530455"}],"curies":[{"name":"wp","href":"https:\/\/api.w.org\/{rel}","templated":true}]}}