{"id":530421,"date":"2020-09-08T16:15:38","date_gmt":"2024-08-13T12:22:28","guid":{"rendered":"https:\/\/tilefly.com\/producto\/sassi-grigio-natural-60x120\/"},"modified":"2024-08-13T14:22:28","modified_gmt":"2024-08-13T12:22:28","slug":"sassi-grigio-natural-60x120","status":"publish","type":"product","link":"https:\/\/tilefly.com\/de\/produkt\/sassi-grigio-natural-60x120\/","title":{"rendered":"SASSI GRIGIO NATURAL 60X120"},"content":{"rendered":"<p>Nat\u00fcrliches glasiertes Feinsteinzeug Diese Kollektion reproduziert Stein und Zement mit seiner perfekten Unvollkommenheit in der reinsten Form. Eines der vielen besonderen Merkmale dieser Serie sind die Texturen und die zahlreichen farbigen Details, die mit speziellen Tinten hergestellt wurden. Die Farbpalette dieser Fliesen umfasst vier neutrale T\u00f6ne: Anthrazit, Bianco, Grigio und Sabbia. Die Serie wird durch eine dekorative L\u00f6sung vervollst\u00e4ndigt, mit der wir die Tiefe der Steine nachbilden. Diese Kollektion entsteht durch die Kombination verschiedener Inspirationen, um eine perfekte Verschmelzung f\u00fcr dieselbe Oberfl\u00e4che zu erreichen. Sassi ist der perfekte Kontrast zwischen der strukturellen Natur von Beton und der Nat\u00fcrlichkeit von Stein. Aus diesem Grund sind eines der herausragendsten Merkmale dieser Serie die Texturen und die zahlreichen farbigen Details, die mit Hilfe von Spezialtinten aufgebracht wurden. Die Farbpalette dieser Fliesen umfasst vier neutrale T\u00f6ne: Anthrazit, Bianco, Grigio und Sabbia. Die Serie wird durch eine dekorative L\u00f6sung vervollst\u00e4ndigt, bei der wir die Tiefe der Steine mit geometrischen Figuren in Relief nachbilden, die dem Raum, in dem sie angebracht sind, eine gro\u00dfe Pers\u00f6nlichkeit verleihen. Und auch gro\u00dfformatige Fliesen (120X120 und 90X180).<\/p>","protected":false},"excerpt":{"rendered":"<p>Nat\u00fcrliches glasiertes Feinsteinzeug Diese Kollektion reproduziert Stein und Zement mit seiner perfekten Unvollkommenheit in der reinsten Form. Eines der vielen besonderen Merkmale dieser Serie sind die Texturen und die zahlreichen farbigen Details, die mit speziellen Tinten hergestellt wurden. Die Farbpalette dieser Fliesen umfasst vier neutrale T\u00f6ne: Anthrazit, Bianco, Grigio und Sabbia. Die Serie wird durch [&hellip;]<\/p>\n","protected":false},"featured_media":82620,"comment_status":"open","ping_status":"closed","template":"","meta":[],"product_brand":[],"product_cat":[457,458,456,459],"product_tag":[],"class_list":{"0":"post-530421","1":"product","2":"type-product","3":"status-publish","4":"has-post-thumbnail","6":"product_cat-badezimmer","7":"product_cat-kuchen","8":"product_cat-vohnzimmer","9":"product_cat-wandfliesen","11":"first","12":"outofstock","13":"shipping-taxable","14":"purchasable","15":"product-type-simple"},"_links":{"self":[{"href":"https:\/\/tilefly.com\/de\/wp-json\/wp\/v2\/product\/530421","targetHints":{"allow":["GET"]}}],"collection":[{"href":"https:\/\/tilefly.com\/de\/wp-json\/wp\/v2\/product"}],"about":[{"href":"https:\/\/tilefly.com\/de\/wp-json\/wp\/v2\/types\/product"}],"replies":[{"embeddable":true,"href":"https:\/\/tilefly.com\/de\/wp-json\/wp\/v2\/comments?post=530421"}],"wp:featuredmedia":[{"embeddable":true,"href":"https:\/\/tilefly.com\/de\/wp-json\/wp\/v2\/media\/82620"}],"wp:attachment":[{"href":"https:\/\/tilefly.com\/de\/wp-json\/wp\/v2\/media?parent=530421"}],"wp:term":[{"taxonomy":"product_brand","embeddable":true,"href":"https:\/\/tilefly.com\/de\/wp-json\/wp\/v2\/product_brand?post=530421"},{"taxonomy":"product_cat","embeddable":true,"href":"https:\/\/tilefly.com\/de\/wp-json\/wp\/v2\/product_cat?post=530421"},{"taxonomy":"product_tag","embeddable":true,"href":"https:\/\/tilefly.com\/de\/wp-json\/wp\/v2\/product_tag?post=530421"}],"curies":[{"name":"wp","href":"https:\/\/api.w.org\/{rel}","templated":true}]}}