{"id":530407,"date":"2020-10-09T15:43:41","date_gmt":"2020-10-09T13:43:41","guid":{"rendered":"https:\/\/tilefly.com\/producto\/pulse-grey-mt-60x120-rect\/"},"modified":"2024-08-13T14:21:49","modified_gmt":"2024-08-13T12:21:49","slug":"pulse-grey-mt-60x120-rect","status":"publish","type":"product","link":"https:\/\/tilefly.com\/de\/produkt\/pulse-grey-mt-60x120-rect\/","title":{"rendered":"PULSE GREY MT 60X120 RECT."},"content":{"rendered":"<p>Diese Feinsteinzeugfliese aus der Serie PULSE zeichnet sich durch ihr emailliertes Porzellanmaterial aus, das zu den widerstandsf\u00e4higsten auf dem Markt geh\u00f6rt. Sie hat eine Steinsteinimitation mit matter Oberfl\u00e4che im Format 60X120 RECT.<\/p>","protected":false},"excerpt":{"rendered":"<p>Diese Feinsteinzeugfliese aus der Serie PULSE zeichnet sich durch ihr emailliertes Porzellanmaterial aus, das zu den widerstandsf\u00e4higsten auf dem Markt geh\u00f6rt. Sie hat eine Steinsteinimitation mit matter Oberfl\u00e4che im Format 60X120 RECT.<\/p>\n","protected":false},"featured_media":530410,"comment_status":"open","ping_status":"closed","template":"","meta":[],"product_brand":[],"product_cat":[460,458,456],"product_tag":[],"class_list":{"0":"post-530407","1":"product","2":"type-product","3":"status-publish","4":"has-post-thumbnail","6":"product_cat-bodenfliesen","7":"product_cat-kuchen","8":"product_cat-vohnzimmer","10":"first","11":"outofstock","12":"shipping-taxable","13":"purchasable","14":"product-type-simple"},"_links":{"self":[{"href":"https:\/\/tilefly.com\/de\/wp-json\/wp\/v2\/product\/530407","targetHints":{"allow":["GET"]}}],"collection":[{"href":"https:\/\/tilefly.com\/de\/wp-json\/wp\/v2\/product"}],"about":[{"href":"https:\/\/tilefly.com\/de\/wp-json\/wp\/v2\/types\/product"}],"replies":[{"embeddable":true,"href":"https:\/\/tilefly.com\/de\/wp-json\/wp\/v2\/comments?post=530407"}],"wp:featuredmedia":[{"embeddable":true,"href":"https:\/\/tilefly.com\/de\/wp-json\/wp\/v2\/media\/530410"}],"wp:attachment":[{"href":"https:\/\/tilefly.com\/de\/wp-json\/wp\/v2\/media?parent=530407"}],"wp:term":[{"taxonomy":"product_brand","embeddable":true,"href":"https:\/\/tilefly.com\/de\/wp-json\/wp\/v2\/product_brand?post=530407"},{"taxonomy":"product_cat","embeddable":true,"href":"https:\/\/tilefly.com\/de\/wp-json\/wp\/v2\/product_cat?post=530407"},{"taxonomy":"product_tag","embeddable":true,"href":"https:\/\/tilefly.com\/de\/wp-json\/wp\/v2\/product_tag?post=530407"}],"curies":[{"name":"wp","href":"https:\/\/api.w.org\/{rel}","templated":true}]}}