{"id":530386,"date":"2020-10-09T15:43:41","date_gmt":"2024-08-13T12:21:40","guid":{"rendered":"https:\/\/tilefly.com\/producto\/polaris-sand-mt-60x120-rect\/"},"modified":"2024-08-13T14:21:40","modified_gmt":"2024-08-13T12:21:40","slug":"polaris-sand-mt-60x120-rect","status":"publish","type":"product","link":"https:\/\/tilefly.com\/de\/produkt\/polaris-sand-mt-60x120-rect\/","title":{"rendered":"POLARIS SAND MT 60X120 RECT."},"content":{"rendered":"<p>Diese Feinsteinzeugfliese aus der Serie POLARIS zeichnet sich durch ihr emailliertes Porzellan aus, das zu den widerstandsf\u00e4higsten auf dem Markt geh\u00f6rt. Sie hat eine Marmorimitation mit einer matten Oberfl\u00e4che im Format 60X120 RECT.<\/p>","protected":false},"excerpt":{"rendered":"<p>Diese Feinsteinzeugfliese aus der Serie POLARIS zeichnet sich durch ihr emailliertes Porzellan aus, das zu den widerstandsf\u00e4higsten auf dem Markt geh\u00f6rt. Sie hat eine Marmorimitation mit einer matten Oberfl\u00e4che im Format 60X120 RECT.<\/p>\n","protected":false},"featured_media":530389,"comment_status":"open","ping_status":"closed","template":"","meta":[],"product_brand":[],"product_cat":[460,458,456],"product_tag":[],"class_list":{"0":"post-530386","1":"product","2":"type-product","3":"status-publish","4":"has-post-thumbnail","6":"product_cat-bodenfliesen","7":"product_cat-kuchen","8":"product_cat-vohnzimmer","10":"first","11":"outofstock","12":"shipping-taxable","13":"purchasable","14":"product-type-simple"},"_links":{"self":[{"href":"https:\/\/tilefly.com\/de\/wp-json\/wp\/v2\/product\/530386","targetHints":{"allow":["GET"]}}],"collection":[{"href":"https:\/\/tilefly.com\/de\/wp-json\/wp\/v2\/product"}],"about":[{"href":"https:\/\/tilefly.com\/de\/wp-json\/wp\/v2\/types\/product"}],"replies":[{"embeddable":true,"href":"https:\/\/tilefly.com\/de\/wp-json\/wp\/v2\/comments?post=530386"}],"wp:featuredmedia":[{"embeddable":true,"href":"https:\/\/tilefly.com\/de\/wp-json\/wp\/v2\/media\/530389"}],"wp:attachment":[{"href":"https:\/\/tilefly.com\/de\/wp-json\/wp\/v2\/media?parent=530386"}],"wp:term":[{"taxonomy":"product_brand","embeddable":true,"href":"https:\/\/tilefly.com\/de\/wp-json\/wp\/v2\/product_brand?post=530386"},{"taxonomy":"product_cat","embeddable":true,"href":"https:\/\/tilefly.com\/de\/wp-json\/wp\/v2\/product_cat?post=530386"},{"taxonomy":"product_tag","embeddable":true,"href":"https:\/\/tilefly.com\/de\/wp-json\/wp\/v2\/product_tag?post=530386"}],"curies":[{"name":"wp","href":"https:\/\/api.w.org\/{rel}","templated":true}]}}