{"id":530361,"date":"2023-01-09T13:06:54","date_gmt":"2023-01-09T12:06:54","guid":{"rendered":"https:\/\/tilefly.com\/producto\/anti-slip-ceppo-rect-60x120\/"},"modified":"2024-08-13T14:21:04","modified_gmt":"2024-08-13T12:21:04","slug":"anti-slip-ceppo-rect-60x120","status":"publish","type":"product","link":"https:\/\/tilefly.com\/de\/produkt\/anti-slip-ceppo-rect-60x120\/","title":{"rendered":"ANTI-SLIP CEPPO RECT 60X120"},"content":{"rendered":"<h1><strong>Ceppo<\/strong><\/h1><p><\/p><h4>Kachelformat 60&#215;120 der Serie 4.STONES<\/h4><p><\/p><h5>Pure Modernit\u00e4t<\/h5><p><\/p><p>Der Ceppo di Gre ist ein typisch italienischer Felsen, der sich durch das Vorhandensein von gro\u00dfen eingebetteten Kieselsteinen auszeichnet.<br \/>Der Name leitet sich von dem Wort Cepp ab, das im Mail\u00e4nder Dialekt Felsen mit Kieselsteinen bedeutet.<br \/>Seine charakteristischen Grafiken haben ihn zu einem in der Architektur weit verbreiteten Material gemacht.  <\/p><h2>Serie 4 Steine<\/h2><p>Vier Vorschl\u00e4ge von Steinen in ihrer urspr\u00fcnglichen Typologie, um authentische Reproduktionen von Natursteinen in Bezug auf Farbe, Oberfl\u00e4che und Textur zu garantieren.<br \/>Jeder von ihnen ist so konzipiert, dass er in jede Umgebung passt, ob \u00f6ffentlich oder privat, innen oder au\u00dfen. <\/p><p>Es ist auch in einem Format von 120 cm und mit einer Dicke von 20 mm erh\u00e4ltlich, das f\u00fcr G\u00e4rten und Swimmingpools verwendet werden kann.<\/p><p>F\u00fcr die Dekoration haben wir auf jedem Stein eine Struktur geschaffen, die die alten Schnittebenen wiedergibt, die der Marmorschneider in der Werkstatt auf die St\u00fccke gelegt hat.<\/p><p>Original oder Kopie?<br \/>Nat\u00fcrlich oder digital?<br \/>Diese Kollektion von 4 Keramiksteinen setzt sich \u00fcber die Grenzen der Herstellung hinweg.<br \/>Reproduktionen voller Authentizit\u00e4t und eigenem Geschmack. <a href=\"https:\/\/tilefly.com\/?post_type=product&#038;p=519157\">4 Stones<\/a> ist eine neue Art, Design zu verstehen, bei der Qualit\u00e4t, Nat\u00fcrlichkeit und auch Nachhaltigkeit Hand in Hand gehen.   <\/p>","protected":false},"excerpt":{"rendered":"<p>CeppoKachelformat 60&#215;120 der Serie 4.STONESPure Modernit\u00e4tDer Ceppo di Gre ist ein typisch italienischer Felsen, der sich durch das Vorhandensein von gro\u00dfen eingebetteten Kieselsteinen auszeichnet.Der Name leitet sich von dem Wort Cepp ab, das im Mail\u00e4nder Dialekt Felsen mit Kieselsteinen bedeutet.Seine charakteristischen Grafiken haben ihn zu einem in der Architektur weit verbreiteten Material gemacht. Serie 4 [&hellip;]<\/p>\n","protected":false},"featured_media":520796,"comment_status":"open","ping_status":"closed","template":"","meta":[],"product_brand":[],"product_cat":[457,458,456,459],"product_tag":[],"class_list":{"0":"post-530361","1":"product","2":"type-product","3":"status-publish","4":"has-post-thumbnail","6":"product_cat-badezimmer","7":"product_cat-kuchen","8":"product_cat-vohnzimmer","9":"product_cat-wandfliesen","11":"first","12":"instock","13":"shipping-taxable","14":"purchasable","15":"product-type-simple"},"_links":{"self":[{"href":"https:\/\/tilefly.com\/de\/wp-json\/wp\/v2\/product\/530361","targetHints":{"allow":["GET"]}}],"collection":[{"href":"https:\/\/tilefly.com\/de\/wp-json\/wp\/v2\/product"}],"about":[{"href":"https:\/\/tilefly.com\/de\/wp-json\/wp\/v2\/types\/product"}],"replies":[{"embeddable":true,"href":"https:\/\/tilefly.com\/de\/wp-json\/wp\/v2\/comments?post=530361"}],"wp:featuredmedia":[{"embeddable":true,"href":"https:\/\/tilefly.com\/de\/wp-json\/wp\/v2\/media\/520796"}],"wp:attachment":[{"href":"https:\/\/tilefly.com\/de\/wp-json\/wp\/v2\/media?parent=530361"}],"wp:term":[{"taxonomy":"product_brand","embeddable":true,"href":"https:\/\/tilefly.com\/de\/wp-json\/wp\/v2\/product_brand?post=530361"},{"taxonomy":"product_cat","embeddable":true,"href":"https:\/\/tilefly.com\/de\/wp-json\/wp\/v2\/product_cat?post=530361"},{"taxonomy":"product_tag","embeddable":true,"href":"https:\/\/tilefly.com\/de\/wp-json\/wp\/v2\/product_tag?post=530361"}],"curies":[{"name":"wp","href":"https:\/\/api.w.org\/{rel}","templated":true}]}}