{"id":530333,"date":"2024-05-05T23:49:53","date_gmt":"2024-08-13T12:20:02","guid":{"rendered":"https:\/\/tilefly.com\/producto\/blocs-slate-natural-60x120-rect-inout\/"},"modified":"2024-08-13T14:20:02","modified_gmt":"2024-08-13T12:20:02","slug":"blocs-slate-natural-60x120-rect-inout","status":"publish","type":"product","link":"https:\/\/tilefly.com\/de\/produkt\/blocs-slate-natural-60x120-rect-inout\/","title":{"rendered":"BLOCS SLATE NATURAL 60X120 RECT INOUT"},"content":{"rendered":"<h1><strong>POLSTER SCHIEFER NATUR 60X120 RECT INOUT<\/strong><\/h1><p>Diese Fliese aus der Serie BLOCS im Format 60X120 ist ein glasiertes Feinsteinzeug in der Farbe Natural in rektifizierter Ausf\u00fchrung mit rutschhemmender Wirkung f\u00fcr den Innen- und Au\u00dfenbereich.<\/p>","protected":false},"excerpt":{"rendered":"<p>POLSTER SCHIEFER NATUR 60X120 RECT INOUTDiese Fliese aus der Serie BLOCS im Format 60X120 ist ein glasiertes Feinsteinzeug in der Farbe Natural in rektifizierter Ausf\u00fchrung mit rutschhemmender Wirkung f\u00fcr den Innen- und Au\u00dfenbereich.<\/p>\n","protected":false},"featured_media":527409,"comment_status":"open","ping_status":"closed","template":"","meta":[],"product_brand":[],"product_cat":[457,460,458,456,459],"product_tag":[],"class_list":{"0":"post-530333","1":"product","2":"type-product","3":"status-publish","4":"has-post-thumbnail","6":"product_cat-badezimmer","7":"product_cat-bodenfliesen","8":"product_cat-kuchen","9":"product_cat-vohnzimmer","10":"product_cat-wandfliesen","12":"first","13":"outofstock","14":"shipping-taxable","15":"purchasable","16":"product-type-simple"},"_links":{"self":[{"href":"https:\/\/tilefly.com\/de\/wp-json\/wp\/v2\/product\/530333","targetHints":{"allow":["GET"]}}],"collection":[{"href":"https:\/\/tilefly.com\/de\/wp-json\/wp\/v2\/product"}],"about":[{"href":"https:\/\/tilefly.com\/de\/wp-json\/wp\/v2\/types\/product"}],"replies":[{"embeddable":true,"href":"https:\/\/tilefly.com\/de\/wp-json\/wp\/v2\/comments?post=530333"}],"wp:featuredmedia":[{"embeddable":true,"href":"https:\/\/tilefly.com\/de\/wp-json\/wp\/v2\/media\/527409"}],"wp:attachment":[{"href":"https:\/\/tilefly.com\/de\/wp-json\/wp\/v2\/media?parent=530333"}],"wp:term":[{"taxonomy":"product_brand","embeddable":true,"href":"https:\/\/tilefly.com\/de\/wp-json\/wp\/v2\/product_brand?post=530333"},{"taxonomy":"product_cat","embeddable":true,"href":"https:\/\/tilefly.com\/de\/wp-json\/wp\/v2\/product_cat?post=530333"},{"taxonomy":"product_tag","embeddable":true,"href":"https:\/\/tilefly.com\/de\/wp-json\/wp\/v2\/product_tag?post=530333"}],"curies":[{"name":"wp","href":"https:\/\/api.w.org\/{rel}","templated":true}]}}