{"id":530303,"date":"2023-01-26T09:42:34","date_gmt":"2023-01-26T08:42:34","guid":{"rendered":"https:\/\/tilefly.com\/producto\/austral-ivory-mt-120x120-rect\/"},"modified":"2024-08-13T14:07:35","modified_gmt":"2024-08-13T12:07:35","slug":"austral-ivory-mt-120x120-rect","status":"publish","type":"product","link":"https:\/\/tilefly.com\/de\/produkt\/austral-ivory-mt-120x120-rect\/","title":{"rendered":"AUSTRAL IVORY MT 120X120 RECT"},"content":{"rendered":"<h1><strong>Emailliertes Feinsteinzeug Fliese AUSTRAL IVORY MT 120X120 RECT<\/strong><\/h1><p>Diese Fliese aus der Serie AUSTRAL im Format 120X120 ist eine glasierte Feinsteinzeugfliese in der Farbe Ivory in matter Ausf\u00fchrung.<\/p><h2>Austral Serie<\/h2><p><a href=\"https:\/\/tilefly.com\/producto\/austral\/\">Austral<\/a> ist eine Kollektion, die das Auge und den Tastsinn \u00fcberrascht und der Welt der Keramiksteine eine neue Perspektive verleiht.<br \/>Die Eleganz spiegelt sich in der grafischen \u00c4sthetik wider, mit leichten Adern, die in einen subtilen k\u00f6rnigen Hintergrund \u00fcbergehen.<br \/>Die Essenz und das Gef\u00fchl von Sand werden in materieller Form angeboten.<br \/>Oberfl\u00e4chen und Lichtspiele definieren ein dekoratives Konzept mit au\u00dfergew\u00f6hnlichen Oberfl\u00e4chen.<br \/>Harmonisch und konkret, verweist Erde auf ein pers\u00f6nliches Gef\u00fchl und die Kraft der Natur, durch diesen vielseitigen Stein in nat\u00fcrlichen Farben.    <\/p>","protected":false},"excerpt":{"rendered":"<p>Emailliertes Feinsteinzeug Fliese AUSTRAL IVORY MT 120X120 RECTDiese Fliese aus der Serie AUSTRAL im Format 120X120 ist eine glasierte Feinsteinzeugfliese in der Farbe Ivory in matter Ausf\u00fchrung.Austral SerieAustral ist eine Kollektion, die das Auge und den Tastsinn \u00fcberrascht und der Welt der Keramiksteine eine neue Perspektive verleiht.Die Eleganz spiegelt sich in der grafischen \u00c4sthetik wider, [&hellip;]<\/p>\n","protected":false},"featured_media":521415,"comment_status":"open","ping_status":"closed","template":"","meta":[],"product_brand":[],"product_cat":[457,458,456,459],"product_tag":[],"class_list":{"0":"post-530303","1":"product","2":"type-product","3":"status-publish","4":"has-post-thumbnail","6":"product_cat-badezimmer","7":"product_cat-kuchen","8":"product_cat-vohnzimmer","9":"product_cat-wandfliesen","11":"first","12":"instock","13":"shipping-taxable","14":"purchasable","15":"product-type-simple"},"_links":{"self":[{"href":"https:\/\/tilefly.com\/de\/wp-json\/wp\/v2\/product\/530303","targetHints":{"allow":["GET"]}}],"collection":[{"href":"https:\/\/tilefly.com\/de\/wp-json\/wp\/v2\/product"}],"about":[{"href":"https:\/\/tilefly.com\/de\/wp-json\/wp\/v2\/types\/product"}],"replies":[{"embeddable":true,"href":"https:\/\/tilefly.com\/de\/wp-json\/wp\/v2\/comments?post=530303"}],"wp:featuredmedia":[{"embeddable":true,"href":"https:\/\/tilefly.com\/de\/wp-json\/wp\/v2\/media\/521415"}],"wp:attachment":[{"href":"https:\/\/tilefly.com\/de\/wp-json\/wp\/v2\/media?parent=530303"}],"wp:term":[{"taxonomy":"product_brand","embeddable":true,"href":"https:\/\/tilefly.com\/de\/wp-json\/wp\/v2\/product_brand?post=530303"},{"taxonomy":"product_cat","embeddable":true,"href":"https:\/\/tilefly.com\/de\/wp-json\/wp\/v2\/product_cat?post=530303"},{"taxonomy":"product_tag","embeddable":true,"href":"https:\/\/tilefly.com\/de\/wp-json\/wp\/v2\/product_tag?post=530303"}],"curies":[{"name":"wp","href":"https:\/\/api.w.org\/{rel}","templated":true}]}}