{"id":530189,"date":"2024-05-03T14:21:16","date_gmt":"2024-05-03T12:21:16","guid":{"rendered":"https:\/\/tilefly.com\/producto\/peldano-recto-c1-work-w-natural-33x120\/"},"modified":"2024-08-13T14:03:50","modified_gmt":"2024-08-13T12:03:50","slug":"peldano-recto-c1-work-w-natural-33x120","status":"publish","type":"product","link":"https:\/\/tilefly.com\/de\/produkt\/peldano-recto-c1-work-w-natural-33x120\/","title":{"rendered":"PELDA\u00d1O RECTO C1 WORK W NATURAL 33X120"},"content":{"rendered":"<p>Bei TileFly finden Sie die gr\u00f6\u00dfte Auswahl an Fliesen und Wand- und Bodenbel\u00e4gen online. Unser Team arbeitet jeden Tag daran, Ihnen immer die neuesten Trends bei Fliesen, Mosaiken, Kacheln und Bel\u00e4gen zu bieten. Wir arbeiten nur mit f\u00fchrenden spanischen und italienischen Herstellern zusammen. Diese Unternehmen garantieren eine hervorragende Qualit\u00e4t und Verf\u00fcgbarkeit der Produkte. Wir m\u00f6chten Sie daran erinnern, dass Sie zu allen Fliesen, Bel\u00e4gen und Sonderanfertigungen, die Sie auf unserer Website finden, in der Rubrik &#8220;Technische Informationen&#8221; spezifische Informationen zu jedem Produkt finden. Sobald Sie Ihre Bestellung aufgegeben haben, pr\u00fcft unser Team, ob alle Merkmale des ausgew\u00e4hlten Produkts korrekt sind. Es kann vorkommen, dass einige dieser Daten falsch sind oder eine Abweichung enthalten. Unser Team wird Sie \u00fcber jede Abweichung informieren, damit Sie immer Ihr Einverst\u00e4ndnis geben k\u00f6nnen, damit Sie sicher und vor allem zufrieden mit dem gekauften Produkt sind.<\/p>","protected":false},"excerpt":{"rendered":"<p>Bei TileFly finden Sie die gr\u00f6\u00dfte Auswahl an Fliesen und Wand- und Bodenbel\u00e4gen online. Unser Team arbeitet jeden Tag daran, Ihnen immer die neuesten Trends bei Fliesen, Mosaiken, Kacheln und Bel\u00e4gen zu bieten. Wir arbeiten nur mit f\u00fchrenden spanischen und italienischen Herstellern zusammen. Diese Unternehmen garantieren eine hervorragende Qualit\u00e4t und Verf\u00fcgbarkeit der Produkte. Wir m\u00f6chten [&hellip;]<\/p>\n","protected":false},"featured_media":530190,"comment_status":"closed","ping_status":"closed","template":"","meta":[],"product_brand":[],"product_cat":[457,460,458,459],"product_tag":[],"class_list":{"0":"post-530189","1":"product","2":"type-product","3":"status-publish","4":"has-post-thumbnail","6":"product_cat-badezimmer","7":"product_cat-bodenfliesen","8":"product_cat-kuchen","9":"product_cat-wandfliesen","11":"first","12":"outofstock","13":"shipping-taxable","14":"purchasable","15":"product-type-simple"},"_links":{"self":[{"href":"https:\/\/tilefly.com\/de\/wp-json\/wp\/v2\/product\/530189","targetHints":{"allow":["GET"]}}],"collection":[{"href":"https:\/\/tilefly.com\/de\/wp-json\/wp\/v2\/product"}],"about":[{"href":"https:\/\/tilefly.com\/de\/wp-json\/wp\/v2\/types\/product"}],"replies":[{"embeddable":true,"href":"https:\/\/tilefly.com\/de\/wp-json\/wp\/v2\/comments?post=530189"}],"wp:featuredmedia":[{"embeddable":true,"href":"https:\/\/tilefly.com\/de\/wp-json\/wp\/v2\/media\/530190"}],"wp:attachment":[{"href":"https:\/\/tilefly.com\/de\/wp-json\/wp\/v2\/media?parent=530189"}],"wp:term":[{"taxonomy":"product_brand","embeddable":true,"href":"https:\/\/tilefly.com\/de\/wp-json\/wp\/v2\/product_brand?post=530189"},{"taxonomy":"product_cat","embeddable":true,"href":"https:\/\/tilefly.com\/de\/wp-json\/wp\/v2\/product_cat?post=530189"},{"taxonomy":"product_tag","embeddable":true,"href":"https:\/\/tilefly.com\/de\/wp-json\/wp\/v2\/product_tag?post=530189"}],"curies":[{"name":"wp","href":"https:\/\/api.w.org\/{rel}","templated":true}]}}