{"id":530060,"date":"2024-01-20T15:34:41","date_gmt":"2024-08-13T12:01:59","guid":{"rendered":"https:\/\/tilefly.com\/producto\/caliope\/"},"modified":"2025-02-19T01:13:34","modified_gmt":"2025-02-19T00:13:34","slug":"caliope","status":"publish","type":"product","link":"https:\/\/tilefly.com\/de\/produkt\/caliope\/","title":{"rendered":"CALIOPE"},"content":{"rendered":"<div class=\"bloque container\"><h1>Caliope Serie<\/h1><p>Wo sich hervorragendes Design und Funktionalit\u00e4t treffen.<br \/>Entdecken Sie unsere gro\u00dfe Auswahl an Feinsteinzeugfliesen, die die Eleganz von Wand- und Bodenfliesen neu definieren.<br \/>Von den sanften, nat\u00fcrlichen T\u00f6nen Beige und Natural bis hin zur Reinheit von White und der Raffinesse von Pearl bietet die Serie Caliope eine vielseitige Palette f\u00fcr jedes Projekt.<br \/>Entdecken Sie verschiedene Formate, von den klassischen 30&#215;60, 60&#215;60 und 60&#215;120 bis hin zu speziellen Optionen wie 20mm Caliope Dicke und poliert f\u00fcr einen Hauch von Luxus.<br \/>Finden Sie mit caliope die perfekte Kombination aus Stil und St\u00e4rke f\u00fcr Ihre R\u00e4ume, ob im Innen- oder Au\u00dfenbereich.    <\/p><\/p><\/div>","protected":false},"excerpt":{"rendered":"","protected":false},"featured_media":525974,"comment_status":"closed","ping_status":"closed","template":"","meta":[],"product_brand":[],"product_cat":[457,460,458,456,459],"product_tag":[],"class_list":{"0":"post-530060","1":"product","2":"type-product","3":"status-publish","4":"has-post-thumbnail","6":"product_cat-badezimmer","7":"product_cat-bodenfliesen","8":"product_cat-kuchen","9":"product_cat-vohnzimmer","10":"product_cat-wandfliesen","12":"first","13":"instock","14":"shipping-taxable","15":"product-type-grouped"},"_links":{"self":[{"href":"https:\/\/tilefly.com\/de\/wp-json\/wp\/v2\/product\/530060","targetHints":{"allow":["GET"]}}],"collection":[{"href":"https:\/\/tilefly.com\/de\/wp-json\/wp\/v2\/product"}],"about":[{"href":"https:\/\/tilefly.com\/de\/wp-json\/wp\/v2\/types\/product"}],"replies":[{"embeddable":true,"href":"https:\/\/tilefly.com\/de\/wp-json\/wp\/v2\/comments?post=530060"}],"wp:featuredmedia":[{"embeddable":true,"href":"https:\/\/tilefly.com\/de\/wp-json\/wp\/v2\/media\/525974"}],"wp:attachment":[{"href":"https:\/\/tilefly.com\/de\/wp-json\/wp\/v2\/media?parent=530060"}],"wp:term":[{"taxonomy":"product_brand","embeddable":true,"href":"https:\/\/tilefly.com\/de\/wp-json\/wp\/v2\/product_brand?post=530060"},{"taxonomy":"product_cat","embeddable":true,"href":"https:\/\/tilefly.com\/de\/wp-json\/wp\/v2\/product_cat?post=530060"},{"taxonomy":"product_tag","embeddable":true,"href":"https:\/\/tilefly.com\/de\/wp-json\/wp\/v2\/product_tag?post=530060"}],"curies":[{"name":"wp","href":"https:\/\/api.w.org\/{rel}","templated":true}]}}