{"id":530033,"date":"2023-09-13T16:47:34","date_gmt":"2023-09-13T14:47:34","guid":{"rendered":"https:\/\/tilefly.com\/producto\/narbona-pearl-mt-333x90-rect\/"},"modified":"2024-08-13T14:01:33","modified_gmt":"2024-08-13T12:01:33","slug":"narbona-pearl-mt-333x90-rect","status":"publish","type":"product","link":"https:\/\/tilefly.com\/de\/produkt\/narbona-pearl-mt-333x90-rect\/","title":{"rendered":"NARBONA PEARL MT 33,3X90 RECT."},"content":{"rendered":"<h1><strong>Narbona Pearl MT 33,3X90 Wandfliese Rect wei\u00df<\/strong><\/h1><p>  Diese Fliese aus der Serie Narbona im Format 33,3X90 ist eine wei\u00dfe K\u00f6rperfliese in wei\u00dfer Farbe mit einer matten Oberfl\u00e4che.<\/p>","protected":false},"excerpt":{"rendered":"<p>Narbona Pearl MT 33,3X90 Wandfliese Rect wei\u00df Diese Fliese aus der Serie Narbona im Format 33,3X90 ist eine wei\u00dfe K\u00f6rperfliese in wei\u00dfer Farbe mit einer matten Oberfl\u00e4che.<\/p>\n","protected":false},"featured_media":524905,"comment_status":"closed","ping_status":"closed","template":"","meta":[],"product_brand":[],"product_cat":[461],"product_tag":[],"class_list":{"0":"post-530033","1":"product","2":"type-product","3":"status-publish","4":"has-post-thumbnail","6":"product_cat-uncategorised","8":"first","9":"outofstock","10":"shipping-taxable","11":"purchasable","12":"product-type-simple"},"_links":{"self":[{"href":"https:\/\/tilefly.com\/de\/wp-json\/wp\/v2\/product\/530033","targetHints":{"allow":["GET"]}}],"collection":[{"href":"https:\/\/tilefly.com\/de\/wp-json\/wp\/v2\/product"}],"about":[{"href":"https:\/\/tilefly.com\/de\/wp-json\/wp\/v2\/types\/product"}],"replies":[{"embeddable":true,"href":"https:\/\/tilefly.com\/de\/wp-json\/wp\/v2\/comments?post=530033"}],"wp:featuredmedia":[{"embeddable":true,"href":"https:\/\/tilefly.com\/de\/wp-json\/wp\/v2\/media\/524905"}],"wp:attachment":[{"href":"https:\/\/tilefly.com\/de\/wp-json\/wp\/v2\/media?parent=530033"}],"wp:term":[{"taxonomy":"product_brand","embeddable":true,"href":"https:\/\/tilefly.com\/de\/wp-json\/wp\/v2\/product_brand?post=530033"},{"taxonomy":"product_cat","embeddable":true,"href":"https:\/\/tilefly.com\/de\/wp-json\/wp\/v2\/product_cat?post=530033"},{"taxonomy":"product_tag","embeddable":true,"href":"https:\/\/tilefly.com\/de\/wp-json\/wp\/v2\/product_tag?post=530033"}],"curies":[{"name":"wp","href":"https:\/\/api.w.org\/{rel}","templated":true}]}}