{"id":530027,"date":"2024-06-06T00:06:53","date_gmt":"2024-06-05T22:06:53","guid":{"rendered":"https:\/\/tilefly.com\/producto\/jasper-white-mt-333x90-rect\/"},"modified":"2024-08-12T18:45:58","modified_gmt":"2024-08-12T16:45:58","slug":"jasper-white-mt-333x90-rect","status":"publish","type":"product","link":"https:\/\/tilefly.com\/de\/produkt\/jasper-white-mt-333x90-rect\/","title":{"rendered":"JASPER WHITE MT 33,3X90 RECT"},"content":{"rendered":"<h1><strong>Jaspis Wei\u00df Paste Verkleidungsfliese Wei\u00df Jaspis Wei\u00df 33,3X90 Rektifiziert  <\/strong><\/h1><p>Diese Fliese aus der Serie Jasper White im Format 33,3X90 ist eine wei\u00dfe, pastellfarbene Verkleidungsfliese in matter Ausf\u00fchrung.<\/p>","protected":false},"excerpt":{"rendered":"<p>Jaspis Wei\u00df Paste Verkleidungsfliese Wei\u00df Jaspis Wei\u00df 33,3X90 Rektifiziert Diese Fliese aus der Serie Jasper White im Format 33,3X90 ist eine wei\u00dfe, pastellfarbene Verkleidungsfliese in matter Ausf\u00fchrung.<\/p>\n","protected":false},"featured_media":528735,"comment_status":"open","ping_status":"closed","template":"","meta":[],"product_brand":[],"product_cat":[457,458],"product_tag":[],"class_list":{"0":"post-530027","1":"product","2":"type-product","3":"status-publish","4":"has-post-thumbnail","6":"product_cat-badezimmer","7":"product_cat-kuchen","9":"first","10":"instock","11":"shipping-taxable","12":"purchasable","13":"product-type-simple"},"_links":{"self":[{"href":"https:\/\/tilefly.com\/de\/wp-json\/wp\/v2\/product\/530027","targetHints":{"allow":["GET"]}}],"collection":[{"href":"https:\/\/tilefly.com\/de\/wp-json\/wp\/v2\/product"}],"about":[{"href":"https:\/\/tilefly.com\/de\/wp-json\/wp\/v2\/types\/product"}],"replies":[{"embeddable":true,"href":"https:\/\/tilefly.com\/de\/wp-json\/wp\/v2\/comments?post=530027"}],"wp:featuredmedia":[{"embeddable":true,"href":"https:\/\/tilefly.com\/de\/wp-json\/wp\/v2\/media\/528735"}],"wp:attachment":[{"href":"https:\/\/tilefly.com\/de\/wp-json\/wp\/v2\/media?parent=530027"}],"wp:term":[{"taxonomy":"product_brand","embeddable":true,"href":"https:\/\/tilefly.com\/de\/wp-json\/wp\/v2\/product_brand?post=530027"},{"taxonomy":"product_cat","embeddable":true,"href":"https:\/\/tilefly.com\/de\/wp-json\/wp\/v2\/product_cat?post=530027"},{"taxonomy":"product_tag","embeddable":true,"href":"https:\/\/tilefly.com\/de\/wp-json\/wp\/v2\/product_tag?post=530027"}],"curies":[{"name":"wp","href":"https:\/\/api.w.org\/{rel}","templated":true}]}}