{"id":530022,"date":"2024-06-06T00:07:29","date_gmt":"2024-06-05T22:07:29","guid":{"rendered":"https:\/\/tilefly.com\/producto\/jasper-oxido-mt-333x90-rect\/"},"modified":"2024-08-12T18:45:54","modified_gmt":"2024-08-12T16:45:54","slug":"jasper-oxido-mt-333x90-rect","status":"publish","type":"product","link":"https:\/\/tilefly.com\/de\/produkt\/jasper-oxido-mt-333x90-rect\/","title":{"rendered":"JASPER OXIDO MT 33,3X90 RECT"},"content":{"rendered":"<h1><strong>Jasper White Paste Furnierfliese Matt Oxide 33,3X90 Rectified  <\/strong><\/h1><p>Diese Fliese aus der Serie Jasper im Format 33,3X90 ist eine wei\u00dfe Pastenfliese in der Farbe Rust mit einer matten Oberfl\u00e4che.<br \/>Ideal, um Ihren W\u00e4nden einen modernen und eleganten Touch zu verleihen. <\/p>","protected":false},"excerpt":{"rendered":"<p>Jasper White Paste Furnierfliese Matt Oxide 33,3X90 Rectified Diese Fliese aus der Serie Jasper im Format 33,3X90 ist eine wei\u00dfe Pastenfliese in der Farbe Rust mit einer matten Oberfl\u00e4che.Ideal, um Ihren W\u00e4nden einen modernen und eleganten Touch zu verleihen.<\/p>\n","protected":false},"featured_media":528761,"comment_status":"open","ping_status":"closed","template":"","meta":[],"product_brand":[],"product_cat":[457,458],"product_tag":[],"class_list":{"0":"post-530022","1":"product","2":"type-product","3":"status-publish","4":"has-post-thumbnail","6":"product_cat-badezimmer","7":"product_cat-kuchen","9":"first","10":"instock","11":"shipping-taxable","12":"purchasable","13":"product-type-simple"},"_links":{"self":[{"href":"https:\/\/tilefly.com\/de\/wp-json\/wp\/v2\/product\/530022","targetHints":{"allow":["GET"]}}],"collection":[{"href":"https:\/\/tilefly.com\/de\/wp-json\/wp\/v2\/product"}],"about":[{"href":"https:\/\/tilefly.com\/de\/wp-json\/wp\/v2\/types\/product"}],"replies":[{"embeddable":true,"href":"https:\/\/tilefly.com\/de\/wp-json\/wp\/v2\/comments?post=530022"}],"wp:featuredmedia":[{"embeddable":true,"href":"https:\/\/tilefly.com\/de\/wp-json\/wp\/v2\/media\/528761"}],"wp:attachment":[{"href":"https:\/\/tilefly.com\/de\/wp-json\/wp\/v2\/media?parent=530022"}],"wp:term":[{"taxonomy":"product_brand","embeddable":true,"href":"https:\/\/tilefly.com\/de\/wp-json\/wp\/v2\/product_brand?post=530022"},{"taxonomy":"product_cat","embeddable":true,"href":"https:\/\/tilefly.com\/de\/wp-json\/wp\/v2\/product_cat?post=530022"},{"taxonomy":"product_tag","embeddable":true,"href":"https:\/\/tilefly.com\/de\/wp-json\/wp\/v2\/product_tag?post=530022"}],"curies":[{"name":"wp","href":"https:\/\/api.w.org\/{rel}","templated":true}]}}