{"id":530014,"date":"2024-06-05T20:28:45","date_gmt":"2024-06-05T18:28:45","guid":{"rendered":"https:\/\/tilefly.com\/producto\/crassana-grey-mt-60x60-rect-inout\/"},"modified":"2024-08-12T18:45:39","modified_gmt":"2024-08-12T16:45:39","slug":"crassana-grey-mt-60x60-rect-inout","status":"publish","type":"product","link":"https:\/\/tilefly.com\/de\/produkt\/crassana-grey-mt-60x60-rect-inout\/","title":{"rendered":"CRASSANA GREY MT 60X60 RECT INOUT"},"content":{"rendered":"<h1><strong>Crassana Grau Matt 60X60 Rektifiziertes glasiertes Feinsteinzeug mit rutschfester Oberfl\u00e4che<\/strong><\/h1><p>Dieses glasierte Feinsteinzeug aus der Serie Crassana im Format 60X60 hat die Farbe Grau und eine matte Oberfl\u00e4che.<br \/>Dank ihrer Rutschfestigkeit kann sie sowohl im Innen- als auch im Au\u00dfenbereich verwendet werden. <\/p>","protected":false},"excerpt":{"rendered":"<p>Crassana Grau Matt 60X60 Rektifiziertes glasiertes Feinsteinzeug mit rutschfester Oberfl\u00e4cheDieses glasierte Feinsteinzeug aus der Serie Crassana im Format 60X60 hat die Farbe Grau und eine matte Oberfl\u00e4che.Dank ihrer Rutschfestigkeit kann sie sowohl im Innen- als auch im Au\u00dfenbereich verwendet werden.<\/p>\n","protected":false},"featured_media":528579,"comment_status":"open","ping_status":"closed","template":"","meta":[],"product_brand":[],"product_cat":[457,458,456,459],"product_tag":[],"class_list":{"0":"post-530014","1":"product","2":"type-product","3":"status-publish","4":"has-post-thumbnail","6":"product_cat-badezimmer","7":"product_cat-kuchen","8":"product_cat-vohnzimmer","9":"product_cat-wandfliesen","11":"first","12":"instock","13":"shipping-taxable","14":"purchasable","15":"product-type-simple"},"_links":{"self":[{"href":"https:\/\/tilefly.com\/de\/wp-json\/wp\/v2\/product\/530014","targetHints":{"allow":["GET"]}}],"collection":[{"href":"https:\/\/tilefly.com\/de\/wp-json\/wp\/v2\/product"}],"about":[{"href":"https:\/\/tilefly.com\/de\/wp-json\/wp\/v2\/types\/product"}],"replies":[{"embeddable":true,"href":"https:\/\/tilefly.com\/de\/wp-json\/wp\/v2\/comments?post=530014"}],"wp:featuredmedia":[{"embeddable":true,"href":"https:\/\/tilefly.com\/de\/wp-json\/wp\/v2\/media\/528579"}],"wp:attachment":[{"href":"https:\/\/tilefly.com\/de\/wp-json\/wp\/v2\/media?parent=530014"}],"wp:term":[{"taxonomy":"product_brand","embeddable":true,"href":"https:\/\/tilefly.com\/de\/wp-json\/wp\/v2\/product_brand?post=530014"},{"taxonomy":"product_cat","embeddable":true,"href":"https:\/\/tilefly.com\/de\/wp-json\/wp\/v2\/product_cat?post=530014"},{"taxonomy":"product_tag","embeddable":true,"href":"https:\/\/tilefly.com\/de\/wp-json\/wp\/v2\/product_tag?post=530014"}],"curies":[{"name":"wp","href":"https:\/\/api.w.org\/{rel}","templated":true}]}}