{"id":530007,"date":"2024-06-13T00:35:12","date_gmt":"2024-06-12T22:35:12","guid":{"rendered":"https:\/\/tilefly.com\/producto\/mc-erawan-negro-mt-60x120-rect-inout\/"},"modified":"2024-08-12T18:43:47","modified_gmt":"2024-08-12T16:43:47","slug":"mc-erawan-negro-mt-60x120-rect-inout","status":"publish","type":"product","link":"https:\/\/tilefly.com\/de\/produkt\/mc-erawan-negro-mt-60x120-rect-inout\/","title":{"rendered":"MC ERAWAN NEGRO MT 60X120 RECT INOUT"},"content":{"rendered":"<h1><strong>Feinsteinzeug Farbige Feinsteinzeugfliese Erawan Schwarz 60X120 Rektifiziert<\/strong><\/h1><p>Diese Wandfliese aus der Serie Erawan im Format 60X120 ist ein schwarzes Feinsteinzeug mit matter Oberfl\u00e4che.<br \/>Ideal f\u00fcr Innenr\u00e4ume und Au\u00dfenbereiche. <\/p>","protected":false},"excerpt":{"rendered":"<p>Feinsteinzeug Farbige Feinsteinzeugfliese Erawan Schwarz 60X120 RektifiziertDiese Wandfliese aus der Serie Erawan im Format 60X120 ist ein schwarzes Feinsteinzeug mit matter Oberfl\u00e4che.Ideal f\u00fcr Innenr\u00e4ume und Au\u00dfenbereiche.<\/p>\n","protected":false},"featured_media":529096,"comment_status":"open","ping_status":"closed","template":"","meta":[],"product_brand":[],"product_cat":[457,458,456,459],"product_tag":[],"class_list":{"0":"post-530007","1":"product","2":"type-product","3":"status-publish","4":"has-post-thumbnail","6":"product_cat-badezimmer","7":"product_cat-kuchen","8":"product_cat-vohnzimmer","9":"product_cat-wandfliesen","11":"first","12":"instock","13":"shipping-taxable","14":"purchasable","15":"product-type-simple"},"_links":{"self":[{"href":"https:\/\/tilefly.com\/de\/wp-json\/wp\/v2\/product\/530007","targetHints":{"allow":["GET"]}}],"collection":[{"href":"https:\/\/tilefly.com\/de\/wp-json\/wp\/v2\/product"}],"about":[{"href":"https:\/\/tilefly.com\/de\/wp-json\/wp\/v2\/types\/product"}],"replies":[{"embeddable":true,"href":"https:\/\/tilefly.com\/de\/wp-json\/wp\/v2\/comments?post=530007"}],"wp:featuredmedia":[{"embeddable":true,"href":"https:\/\/tilefly.com\/de\/wp-json\/wp\/v2\/media\/529096"}],"wp:attachment":[{"href":"https:\/\/tilefly.com\/de\/wp-json\/wp\/v2\/media?parent=530007"}],"wp:term":[{"taxonomy":"product_brand","embeddable":true,"href":"https:\/\/tilefly.com\/de\/wp-json\/wp\/v2\/product_brand?post=530007"},{"taxonomy":"product_cat","embeddable":true,"href":"https:\/\/tilefly.com\/de\/wp-json\/wp\/v2\/product_cat?post=530007"},{"taxonomy":"product_tag","embeddable":true,"href":"https:\/\/tilefly.com\/de\/wp-json\/wp\/v2\/product_tag?post=530007"}],"curies":[{"name":"wp","href":"https:\/\/api.w.org\/{rel}","templated":true}]}}