{"id":530005,"date":"2024-06-13T00:34:51","date_gmt":"2024-06-12T22:34:51","guid":{"rendered":"https:\/\/tilefly.com\/producto\/mc-erawan-grey-mt-60x120-rect-inout\/"},"modified":"2024-08-12T18:43:43","modified_gmt":"2024-08-12T16:43:43","slug":"mc-erawan-grey-mt-60x120-rect-inout","status":"publish","type":"product","link":"https:\/\/tilefly.com\/de\/produkt\/mc-erawan-grey-mt-60x120-rect-inout\/","title":{"rendered":"MC ERAWAN GREY MT 60X120 RECT INOUT"},"content":{"rendered":"<h1><strong>ERAWAN GRAU MT 60X120 RECT<\/strong><\/h1><p>Diese Fliese aus der Serie ERAWAN im Format 60X120 ist ein Feinsteinzeug in grauer Farbmasse in matter Ausf\u00fchrung. Mit Anti-Rutsch-Ebene f\u00fcr den Innen- und Au\u00dfenbereich. Ideal f\u00fcr die Verwendung in Innenr\u00e4umen.<\/p>","protected":false},"excerpt":{"rendered":"<p>ERAWAN GRAU MT 60X120 RECTDiese Fliese aus der Serie ERAWAN im Format 60X120 ist ein Feinsteinzeug in grauer Farbmasse in matter Ausf\u00fchrung. Mit Anti-Rutsch-Ebene f\u00fcr den Innen- und Au\u00dfenbereich. Ideal f\u00fcr die Verwendung in Innenr\u00e4umen.<\/p>\n","protected":false},"featured_media":529083,"comment_status":"open","ping_status":"closed","template":"","meta":[],"product_brand":[],"product_cat":[457,458,456,459],"product_tag":[],"class_list":{"0":"post-530005","1":"product","2":"type-product","3":"status-publish","4":"has-post-thumbnail","6":"product_cat-badezimmer","7":"product_cat-kuchen","8":"product_cat-vohnzimmer","9":"product_cat-wandfliesen","11":"first","12":"instock","13":"shipping-taxable","14":"purchasable","15":"product-type-simple"},"_links":{"self":[{"href":"https:\/\/tilefly.com\/de\/wp-json\/wp\/v2\/product\/530005","targetHints":{"allow":["GET"]}}],"collection":[{"href":"https:\/\/tilefly.com\/de\/wp-json\/wp\/v2\/product"}],"about":[{"href":"https:\/\/tilefly.com\/de\/wp-json\/wp\/v2\/types\/product"}],"replies":[{"embeddable":true,"href":"https:\/\/tilefly.com\/de\/wp-json\/wp\/v2\/comments?post=530005"}],"wp:featuredmedia":[{"embeddable":true,"href":"https:\/\/tilefly.com\/de\/wp-json\/wp\/v2\/media\/529083"}],"wp:attachment":[{"href":"https:\/\/tilefly.com\/de\/wp-json\/wp\/v2\/media?parent=530005"}],"wp:term":[{"taxonomy":"product_brand","embeddable":true,"href":"https:\/\/tilefly.com\/de\/wp-json\/wp\/v2\/product_brand?post=530005"},{"taxonomy":"product_cat","embeddable":true,"href":"https:\/\/tilefly.com\/de\/wp-json\/wp\/v2\/product_cat?post=530005"},{"taxonomy":"product_tag","embeddable":true,"href":"https:\/\/tilefly.com\/de\/wp-json\/wp\/v2\/product_tag?post=530005"}],"curies":[{"name":"wp","href":"https:\/\/api.w.org\/{rel}","templated":true}]}}