{"id":529995,"date":"2024-06-12T23:45:29","date_gmt":"2024-06-12T21:45:29","guid":{"rendered":"https:\/\/tilefly.com\/producto\/camile-gold-120x120-rect-pulido\/"},"modified":"2024-08-12T18:43:30","modified_gmt":"2024-08-12T16:43:30","slug":"camile-gold-120x120-rect-pulido","status":"publish","type":"product","link":"https:\/\/tilefly.com\/de\/produkt\/camile-gold-120x120-rect-pulido\/","title":{"rendered":"CAMILE GOLD 120X120 RECT PULIDO"},"content":{"rendered":"<h1><strong>Camile Gold Polierte Emaillierte Feinsteinzeug-Fliesen 120X120 Rektifiziert<\/strong><\/h1><p>Diese Wandfliese aus der Serie Camile im Format 120X120 ist ein glasiertes Feinsteinzeug in der Farbe GOLD in polierter Ausf\u00fchrung.<br \/>Ideal f\u00fcr Innenr\u00e4ume. <\/p>","protected":false},"excerpt":{"rendered":"<p>Camile Gold Polierte Emaillierte Feinsteinzeug-Fliesen 120X120 RektifiziertDiese Wandfliese aus der Serie Camile im Format 120X120 ist ein glasiertes Feinsteinzeug in der Farbe GOLD in polierter Ausf\u00fchrung.Ideal f\u00fcr Innenr\u00e4ume.<\/p>\n","protected":false},"featured_media":528952,"comment_status":"open","ping_status":"closed","template":"","meta":[],"product_brand":[],"product_cat":[457,458,456,459],"product_tag":[],"class_list":{"0":"post-529995","1":"product","2":"type-product","3":"status-publish","4":"has-post-thumbnail","6":"product_cat-badezimmer","7":"product_cat-kuchen","8":"product_cat-vohnzimmer","9":"product_cat-wandfliesen","11":"first","12":"instock","13":"shipping-taxable","14":"purchasable","15":"product-type-simple"},"_links":{"self":[{"href":"https:\/\/tilefly.com\/de\/wp-json\/wp\/v2\/product\/529995","targetHints":{"allow":["GET"]}}],"collection":[{"href":"https:\/\/tilefly.com\/de\/wp-json\/wp\/v2\/product"}],"about":[{"href":"https:\/\/tilefly.com\/de\/wp-json\/wp\/v2\/types\/product"}],"replies":[{"embeddable":true,"href":"https:\/\/tilefly.com\/de\/wp-json\/wp\/v2\/comments?post=529995"}],"wp:featuredmedia":[{"embeddable":true,"href":"https:\/\/tilefly.com\/de\/wp-json\/wp\/v2\/media\/528952"}],"wp:attachment":[{"href":"https:\/\/tilefly.com\/de\/wp-json\/wp\/v2\/media?parent=529995"}],"wp:term":[{"taxonomy":"product_brand","embeddable":true,"href":"https:\/\/tilefly.com\/de\/wp-json\/wp\/v2\/product_brand?post=529995"},{"taxonomy":"product_cat","embeddable":true,"href":"https:\/\/tilefly.com\/de\/wp-json\/wp\/v2\/product_cat?post=529995"},{"taxonomy":"product_tag","embeddable":true,"href":"https:\/\/tilefly.com\/de\/wp-json\/wp\/v2\/product_tag?post=529995"}],"curies":[{"name":"wp","href":"https:\/\/api.w.org\/{rel}","templated":true}]}}