{"id":529992,"date":"2024-06-06T00:09:36","date_gmt":"2024-06-05T22:09:36","guid":{"rendered":"https:\/\/tilefly.com\/producto\/jasper-oxido-mt-100x100-rect\/"},"modified":"2024-08-12T18:43:26","modified_gmt":"2024-08-12T16:43:26","slug":"jasper-oxido-mt-100x100-rect","status":"publish","type":"product","link":"https:\/\/tilefly.com\/de\/produkt\/jasper-oxido-mt-100x100-rect\/","title":{"rendered":"JASPER OXIDO MT 100X100 RECT"},"content":{"rendered":"<h1><strong>Feinsteinzeug Feinsteinzeug Bodenfliese Jaspis Oxide Matt Coloured Mass 100X100 Rectified<\/strong><\/h1><p>Diese Fliese aus der Serie Jasper im Format 100&#215;100 ist eine Feinsteinzeugfliese in der Farbe Rust mit einer matten Oberfl\u00e4che.<br \/>Ideal f\u00fcr Innenr\u00e4ume und Au\u00dfenbereiche. <\/p>","protected":false},"excerpt":{"rendered":"<p>Feinsteinzeug Feinsteinzeug Bodenfliese Jaspis Oxide Matt Coloured Mass 100X100 RectifiedDiese Fliese aus der Serie Jasper im Format 100&#215;100 ist eine Feinsteinzeugfliese in der Farbe Rust mit einer matten Oberfl\u00e4che.Ideal f\u00fcr Innenr\u00e4ume und Au\u00dfenbereiche.<\/p>\n","protected":false},"featured_media":528826,"comment_status":"open","ping_status":"closed","template":"","meta":[],"product_brand":[],"product_cat":[457,458,456,459],"product_tag":[],"class_list":{"0":"post-529992","1":"product","2":"type-product","3":"status-publish","4":"has-post-thumbnail","6":"product_cat-badezimmer","7":"product_cat-kuchen","8":"product_cat-vohnzimmer","9":"product_cat-wandfliesen","11":"first","12":"outofstock","13":"shipping-taxable","14":"purchasable","15":"product-type-simple"},"_links":{"self":[{"href":"https:\/\/tilefly.com\/de\/wp-json\/wp\/v2\/product\/529992","targetHints":{"allow":["GET"]}}],"collection":[{"href":"https:\/\/tilefly.com\/de\/wp-json\/wp\/v2\/product"}],"about":[{"href":"https:\/\/tilefly.com\/de\/wp-json\/wp\/v2\/types\/product"}],"replies":[{"embeddable":true,"href":"https:\/\/tilefly.com\/de\/wp-json\/wp\/v2\/comments?post=529992"}],"wp:featuredmedia":[{"embeddable":true,"href":"https:\/\/tilefly.com\/de\/wp-json\/wp\/v2\/media\/528826"}],"wp:attachment":[{"href":"https:\/\/tilefly.com\/de\/wp-json\/wp\/v2\/media?parent=529992"}],"wp:term":[{"taxonomy":"product_brand","embeddable":true,"href":"https:\/\/tilefly.com\/de\/wp-json\/wp\/v2\/product_brand?post=529992"},{"taxonomy":"product_cat","embeddable":true,"href":"https:\/\/tilefly.com\/de\/wp-json\/wp\/v2\/product_cat?post=529992"},{"taxonomy":"product_tag","embeddable":true,"href":"https:\/\/tilefly.com\/de\/wp-json\/wp\/v2\/product_tag?post=529992"}],"curies":[{"name":"wp","href":"https:\/\/api.w.org\/{rel}","templated":true}]}}