{"id":529991,"date":"2024-06-12T23:44:58","date_gmt":"2024-06-12T21:44:58","guid":{"rendered":"https:\/\/tilefly.com\/producto\/camile-gold-sat-60x120-rect\/"},"modified":"2024-08-12T18:43:26","modified_gmt":"2024-08-12T16:43:26","slug":"camile-gold-sat-60x120-rect","status":"publish","type":"product","link":"https:\/\/tilefly.com\/de\/produkt\/camile-gold-sat-60x120-rect\/","title":{"rendered":"CAMILE GOLD SAT 60X120 RECT"},"content":{"rendered":"<h1><strong>CAMILE GOLD SAT.<br \/>60X120 RECT. <\/strong><\/h1><p>Dieses glasierte Feinsteinzeug aus der Serie Camile im Format 60X120 ist ideal f\u00fcr Innenr\u00e4ume.<br \/>Sie hat eine satinierte Oberfl\u00e4che in der Farbe Gold.   <\/p>","protected":false},"excerpt":{"rendered":"<p>CAMILE GOLD SAT.60X120 RECT. Dieses glasierte Feinsteinzeug aus der Serie Camile im Format 60X120 ist ideal f\u00fcr Innenr\u00e4ume.Sie hat eine satinierte Oberfl\u00e4che in der Farbe Gold.<\/p>\n","protected":false},"featured_media":528926,"comment_status":"open","ping_status":"closed","template":"","meta":[],"product_brand":[],"product_cat":[457,458,456,459],"product_tag":[],"class_list":{"0":"post-529991","1":"product","2":"type-product","3":"status-publish","4":"has-post-thumbnail","6":"product_cat-badezimmer","7":"product_cat-kuchen","8":"product_cat-vohnzimmer","9":"product_cat-wandfliesen","11":"first","12":"instock","13":"shipping-taxable","14":"purchasable","15":"product-type-simple"},"_links":{"self":[{"href":"https:\/\/tilefly.com\/de\/wp-json\/wp\/v2\/product\/529991","targetHints":{"allow":["GET"]}}],"collection":[{"href":"https:\/\/tilefly.com\/de\/wp-json\/wp\/v2\/product"}],"about":[{"href":"https:\/\/tilefly.com\/de\/wp-json\/wp\/v2\/types\/product"}],"replies":[{"embeddable":true,"href":"https:\/\/tilefly.com\/de\/wp-json\/wp\/v2\/comments?post=529991"}],"wp:featuredmedia":[{"embeddable":true,"href":"https:\/\/tilefly.com\/de\/wp-json\/wp\/v2\/media\/528926"}],"wp:attachment":[{"href":"https:\/\/tilefly.com\/de\/wp-json\/wp\/v2\/media?parent=529991"}],"wp:term":[{"taxonomy":"product_brand","embeddable":true,"href":"https:\/\/tilefly.com\/de\/wp-json\/wp\/v2\/product_brand?post=529991"},{"taxonomy":"product_cat","embeddable":true,"href":"https:\/\/tilefly.com\/de\/wp-json\/wp\/v2\/product_cat?post=529991"},{"taxonomy":"product_tag","embeddable":true,"href":"https:\/\/tilefly.com\/de\/wp-json\/wp\/v2\/product_tag?post=529991"}],"curies":[{"name":"wp","href":"https:\/\/api.w.org\/{rel}","templated":true}]}}