{"id":529973,"date":"2024-07-31T18:47:21","date_gmt":"2024-07-31T16:47:21","guid":{"rendered":"https:\/\/tilefly.com\/producto\/antid-plus-sakhir-ivory-mt-60x60-rect-20mm\/"},"modified":"2024-08-12T18:39:00","modified_gmt":"2024-08-12T16:39:00","slug":"antid-plus-sakhir-ivory-mt-60x60-rect-20mm","status":"publish","type":"product","link":"https:\/\/tilefly.com\/de\/produkt\/antid-plus-sakhir-ivory-mt-60x60-rect-20mm\/","title":{"rendered":"ANTID PLUS SAKHIR IVORY MT 60X60 RECT (20MM)"},"content":{"rendered":"<h1><strong>Glasiertes Feinsteinzeug Anti-Rutsch Plus Sakhir Ivory Matt 60X60 Rectified 20MM<\/strong><\/h1><p>Diese Fliese aus der Serie Plus Sakhir im Format 60X60 ist ein rektifiziertes glasiertes Feinsteinzeug in der Farbe Ivory mit einer matten Oberfl\u00e4che und einer St\u00e4rke von 20MM.<br \/>Ihre Dicke und ihre rutschhemmenden Eigenschaften machen sie perfekt f\u00fcr elegante und sichere Au\u00dfenbereiche. <\/p>","protected":false},"excerpt":{"rendered":"<p>Glasiertes Feinsteinzeug Anti-Rutsch Plus Sakhir Ivory Matt 60X60 Rectified 20MMDiese Fliese aus der Serie Plus Sakhir im Format 60X60 ist ein rektifiziertes glasiertes Feinsteinzeug in der Farbe Ivory mit einer matten Oberfl\u00e4che und einer St\u00e4rke von 20MM.Ihre Dicke und ihre rutschhemmenden Eigenschaften machen sie perfekt f\u00fcr elegante und sichere Au\u00dfenbereiche.<\/p>\n","protected":false},"featured_media":529586,"comment_status":"open","ping_status":"closed","template":"","meta":[],"product_brand":[],"product_cat":[456],"product_tag":[],"class_list":{"0":"post-529973","1":"product","2":"type-product","3":"status-publish","4":"has-post-thumbnail","6":"product_cat-vohnzimmer","8":"first","9":"instock","10":"shipping-taxable","11":"purchasable","12":"product-type-simple"},"_links":{"self":[{"href":"https:\/\/tilefly.com\/de\/wp-json\/wp\/v2\/product\/529973","targetHints":{"allow":["GET"]}}],"collection":[{"href":"https:\/\/tilefly.com\/de\/wp-json\/wp\/v2\/product"}],"about":[{"href":"https:\/\/tilefly.com\/de\/wp-json\/wp\/v2\/types\/product"}],"replies":[{"embeddable":true,"href":"https:\/\/tilefly.com\/de\/wp-json\/wp\/v2\/comments?post=529973"}],"wp:featuredmedia":[{"embeddable":true,"href":"https:\/\/tilefly.com\/de\/wp-json\/wp\/v2\/media\/529586"}],"wp:attachment":[{"href":"https:\/\/tilefly.com\/de\/wp-json\/wp\/v2\/media?parent=529973"}],"wp:term":[{"taxonomy":"product_brand","embeddable":true,"href":"https:\/\/tilefly.com\/de\/wp-json\/wp\/v2\/product_brand?post=529973"},{"taxonomy":"product_cat","embeddable":true,"href":"https:\/\/tilefly.com\/de\/wp-json\/wp\/v2\/product_cat?post=529973"},{"taxonomy":"product_tag","embeddable":true,"href":"https:\/\/tilefly.com\/de\/wp-json\/wp\/v2\/product_tag?post=529973"}],"curies":[{"name":"wp","href":"https:\/\/api.w.org\/{rel}","templated":true}]}}