{"id":529971,"date":"2024-07-31T18:46:32","date_gmt":"2024-07-31T16:46:32","guid":{"rendered":"https:\/\/tilefly.com\/producto\/sakhir-soft-ivory-sat-100x100-rect\/"},"modified":"2024-08-12T18:38:55","modified_gmt":"2024-08-12T16:38:55","slug":"sakhir-soft-ivory-sat-100x100-rect","status":"publish","type":"product","link":"https:\/\/tilefly.com\/de\/produkt\/sakhir-soft-ivory-sat-100x100-rect\/","title":{"rendered":"SAKHIR SOFT IVORY SAT 100X100 RECT"},"content":{"rendered":"<h1><strong>Emailliertes Feinsteinzeug Sakhir Soft Ivory Satin 100X100 Rektifiziert<\/strong><\/h1><p>Diese Fliese aus der Serie Sakhir Soft im Format 100X100 ist ein rektifiziertes, glasiertes Feinsteinzeug in der Farbe Grau mit satinierter Oberfl\u00e4che.<br \/>Ihr gro\u00dfes Format und die glatte Oberfl\u00e4che schaffen eine anspruchsvolle und gro\u00dfz\u00fcgige Atmosph\u00e4re. <\/p>","protected":false},"excerpt":{"rendered":"<p>Emailliertes Feinsteinzeug Sakhir Soft Ivory Satin 100X100 RektifiziertDiese Fliese aus der Serie Sakhir Soft im Format 100X100 ist ein rektifiziertes, glasiertes Feinsteinzeug in der Farbe Grau mit satinierter Oberfl\u00e4che.Ihr gro\u00dfes Format und die glatte Oberfl\u00e4che schaffen eine anspruchsvolle und gro\u00dfz\u00fcgige Atmosph\u00e4re.<\/p>\n","protected":false},"featured_media":529547,"comment_status":"open","ping_status":"closed","template":"","meta":[],"product_brand":[],"product_cat":[457,458,456,459],"product_tag":[],"class_list":{"0":"post-529971","1":"product","2":"type-product","3":"status-publish","4":"has-post-thumbnail","6":"product_cat-badezimmer","7":"product_cat-kuchen","8":"product_cat-vohnzimmer","9":"product_cat-wandfliesen","11":"first","12":"instock","13":"shipping-taxable","14":"purchasable","15":"product-type-simple"},"_links":{"self":[{"href":"https:\/\/tilefly.com\/de\/wp-json\/wp\/v2\/product\/529971","targetHints":{"allow":["GET"]}}],"collection":[{"href":"https:\/\/tilefly.com\/de\/wp-json\/wp\/v2\/product"}],"about":[{"href":"https:\/\/tilefly.com\/de\/wp-json\/wp\/v2\/types\/product"}],"replies":[{"embeddable":true,"href":"https:\/\/tilefly.com\/de\/wp-json\/wp\/v2\/comments?post=529971"}],"wp:featuredmedia":[{"embeddable":true,"href":"https:\/\/tilefly.com\/de\/wp-json\/wp\/v2\/media\/529547"}],"wp:attachment":[{"href":"https:\/\/tilefly.com\/de\/wp-json\/wp\/v2\/media?parent=529971"}],"wp:term":[{"taxonomy":"product_brand","embeddable":true,"href":"https:\/\/tilefly.com\/de\/wp-json\/wp\/v2\/product_brand?post=529971"},{"taxonomy":"product_cat","embeddable":true,"href":"https:\/\/tilefly.com\/de\/wp-json\/wp\/v2\/product_cat?post=529971"},{"taxonomy":"product_tag","embeddable":true,"href":"https:\/\/tilefly.com\/de\/wp-json\/wp\/v2\/product_tag?post=529971"}],"curies":[{"name":"wp","href":"https:\/\/api.w.org\/{rel}","templated":true}]}}