{"id":529959,"date":"2024-07-31T18:45:28","date_gmt":"2024-07-31T16:45:28","guid":{"rendered":"https:\/\/tilefly.com\/producto\/sakhir-grey-mt-75x75-rect\/"},"modified":"2024-08-12T18:38:40","modified_gmt":"2024-08-12T16:38:40","slug":"sakhir-grey-mt-75x75-rect","status":"publish","type":"product","link":"https:\/\/tilefly.com\/de\/produkt\/sakhir-grey-mt-75x75-rect\/","title":{"rendered":"SAKHIR GREY MT 75X75 RECT"},"content":{"rendered":"<h1><strong>Glasiertes Feinsteinzeug Sakhir Grey Matt 75X75 Rektifiziert<\/strong><\/h1><p>Diese Fliese aus der Serie Sakhir im Format 75X75 ist eine rektifizierte glasierte Feinsteinzeugfliese in Grau mit matter Oberfl\u00e4che.<br \/>Ihr gro\u00dfes Format bringt Gro\u00dfz\u00fcgigkeit und Modernit\u00e4t in die R\u00e4ume. <\/p>","protected":false},"excerpt":{"rendered":"<p>Glasiertes Feinsteinzeug Sakhir Grey Matt 75X75 RektifiziertDiese Fliese aus der Serie Sakhir im Format 75X75 ist eine rektifizierte glasierte Feinsteinzeugfliese in Grau mit matter Oberfl\u00e4che.Ihr gro\u00dfes Format bringt Gro\u00dfz\u00fcgigkeit und Modernit\u00e4t in die R\u00e4ume.<\/p>\n","protected":false},"featured_media":529508,"comment_status":"open","ping_status":"closed","template":"","meta":[],"product_brand":[],"product_cat":[457,458,456,459],"product_tag":[],"class_list":{"0":"post-529959","1":"product","2":"type-product","3":"status-publish","4":"has-post-thumbnail","6":"product_cat-badezimmer","7":"product_cat-kuchen","8":"product_cat-vohnzimmer","9":"product_cat-wandfliesen","11":"first","12":"instock","13":"shipping-taxable","14":"purchasable","15":"product-type-simple"},"_links":{"self":[{"href":"https:\/\/tilefly.com\/de\/wp-json\/wp\/v2\/product\/529959","targetHints":{"allow":["GET"]}}],"collection":[{"href":"https:\/\/tilefly.com\/de\/wp-json\/wp\/v2\/product"}],"about":[{"href":"https:\/\/tilefly.com\/de\/wp-json\/wp\/v2\/types\/product"}],"replies":[{"embeddable":true,"href":"https:\/\/tilefly.com\/de\/wp-json\/wp\/v2\/comments?post=529959"}],"wp:featuredmedia":[{"embeddable":true,"href":"https:\/\/tilefly.com\/de\/wp-json\/wp\/v2\/media\/529508"}],"wp:attachment":[{"href":"https:\/\/tilefly.com\/de\/wp-json\/wp\/v2\/media?parent=529959"}],"wp:term":[{"taxonomy":"product_brand","embeddable":true,"href":"https:\/\/tilefly.com\/de\/wp-json\/wp\/v2\/product_brand?post=529959"},{"taxonomy":"product_cat","embeddable":true,"href":"https:\/\/tilefly.com\/de\/wp-json\/wp\/v2\/product_cat?post=529959"},{"taxonomy":"product_tag","embeddable":true,"href":"https:\/\/tilefly.com\/de\/wp-json\/wp\/v2\/product_tag?post=529959"}],"curies":[{"name":"wp","href":"https:\/\/api.w.org\/{rel}","templated":true}]}}