{"id":529956,"date":"2024-07-31T18:45:12","date_gmt":"2024-07-31T16:45:12","guid":{"rendered":"https:\/\/tilefly.com\/producto\/sakhir-multi-natural-mt-60x60\/"},"modified":"2024-08-12T18:38:38","modified_gmt":"2024-08-12T16:38:38","slug":"sakhir-multi-natural-mt-60x60","status":"publish","type":"product","link":"https:\/\/tilefly.com\/de\/produkt\/sakhir-multi-natural-mt-60x60\/","title":{"rendered":"SAKHIR MULTI NATURAL MT 60X60"},"content":{"rendered":"<h1><strong>Glasierte Feinsteinzeugfliese Sakhir Multi Natur Matt 60X60<\/strong><\/h1><p>Diese Fliese aus der Serie Sakhir Multi im Format 60X60 ist ein braun glasiertes Feinsteinzeug in matter Ausf\u00fchrung. Sein nat\u00fcrliches Aussehen verleiht R\u00e4umen W\u00e4rme und Authentizit\u00e4t.<\/p>","protected":false},"excerpt":{"rendered":"<p>Glasierte Feinsteinzeugfliese Sakhir Multi Natur Matt 60X60Diese Fliese aus der Serie Sakhir Multi im Format 60X60 ist ein braun glasiertes Feinsteinzeug in matter Ausf\u00fchrung. Sein nat\u00fcrliches Aussehen verleiht R\u00e4umen W\u00e4rme und Authentizit\u00e4t.<\/p>\n","protected":false},"featured_media":529495,"comment_status":"open","ping_status":"closed","template":"","meta":[],"product_brand":[],"product_cat":[457,458,456,459],"product_tag":[],"class_list":{"0":"post-529956","1":"product","2":"type-product","3":"status-publish","4":"has-post-thumbnail","6":"product_cat-badezimmer","7":"product_cat-kuchen","8":"product_cat-vohnzimmer","9":"product_cat-wandfliesen","11":"first","12":"instock","13":"shipping-taxable","14":"purchasable","15":"product-type-simple"},"_links":{"self":[{"href":"https:\/\/tilefly.com\/de\/wp-json\/wp\/v2\/product\/529956","targetHints":{"allow":["GET"]}}],"collection":[{"href":"https:\/\/tilefly.com\/de\/wp-json\/wp\/v2\/product"}],"about":[{"href":"https:\/\/tilefly.com\/de\/wp-json\/wp\/v2\/types\/product"}],"replies":[{"embeddable":true,"href":"https:\/\/tilefly.com\/de\/wp-json\/wp\/v2\/comments?post=529956"}],"wp:featuredmedia":[{"embeddable":true,"href":"https:\/\/tilefly.com\/de\/wp-json\/wp\/v2\/media\/529495"}],"wp:attachment":[{"href":"https:\/\/tilefly.com\/de\/wp-json\/wp\/v2\/media?parent=529956"}],"wp:term":[{"taxonomy":"product_brand","embeddable":true,"href":"https:\/\/tilefly.com\/de\/wp-json\/wp\/v2\/product_brand?post=529956"},{"taxonomy":"product_cat","embeddable":true,"href":"https:\/\/tilefly.com\/de\/wp-json\/wp\/v2\/product_cat?post=529956"},{"taxonomy":"product_tag","embeddable":true,"href":"https:\/\/tilefly.com\/de\/wp-json\/wp\/v2\/product_tag?post=529956"}],"curies":[{"name":"wp","href":"https:\/\/api.w.org\/{rel}","templated":true}]}}