{"id":529940,"date":"2024-05-03T14:21:24","date_gmt":"2024-05-03T12:21:24","guid":{"rendered":"https:\/\/tilefly.com\/producto\/metro-white-glossy-15-075x150\/"},"modified":"2024-08-12T18:38:24","modified_gmt":"2024-08-12T16:38:24","slug":"metro-white-glossy-15-075x150","status":"publish","type":"product","link":"https:\/\/tilefly.com\/de\/produkt\/metro-white-glossy-15-075x150\/","title":{"rendered":"METRO WHITE GLOSSY 15 07,5X15,0"},"content":{"rendered":"<p>Die METRO-Serie f\u00fchrt uns zur\u00fcck nach New York zu Beginn des 20. Jahrhunderts, als die Stadt die W\u00e4nde ihrer Bahnh\u00f6fe mit einer ziegel\u00e4hnlichen Fliese verkleidete, die jedoch sauberer und raffinierter aussah, obwohl sie sehr widerstandsf\u00e4hig und leicht zu reinigen war.<br \/>Die Mode kommt immer wieder zur\u00fcck und dieser Klassiker ist hier, um zu bleiben.<br \/>Die Serie METRO ist in einer Vielzahl von Formaten in gl\u00e4nzendem Schwarz sowie gl\u00e4nzendem und mattem Wei\u00df erh\u00e4ltlich und ist ein Muss f\u00fcr die modernsten R\u00e4ume.  <\/p>","protected":false},"excerpt":{"rendered":"<p>Die METRO-Serie f\u00fchrt uns zur\u00fcck nach New York zu Beginn des 20. Jahrhunderts, als die Stadt die W\u00e4nde ihrer Bahnh\u00f6fe mit einer ziegel\u00e4hnlichen Fliese verkleidete, die jedoch sauberer und raffinierter aussah, obwohl sie sehr widerstandsf\u00e4hig und leicht zu reinigen war.Die Mode kommt immer wieder zur\u00fcck und dieser Klassiker ist hier, um zu bleiben.Die Serie METRO [&hellip;]<\/p>\n","protected":false},"featured_media":529942,"comment_status":"open","ping_status":"closed","template":"","meta":[],"product_brand":[],"product_cat":[457,458,459],"product_tag":[],"class_list":{"0":"post-529940","1":"product","2":"type-product","3":"status-publish","4":"has-post-thumbnail","6":"product_cat-badezimmer","7":"product_cat-kuchen","8":"product_cat-wandfliesen","10":"first","11":"instock","12":"shipping-taxable","13":"purchasable","14":"product-type-simple"},"_links":{"self":[{"href":"https:\/\/tilefly.com\/de\/wp-json\/wp\/v2\/product\/529940","targetHints":{"allow":["GET"]}}],"collection":[{"href":"https:\/\/tilefly.com\/de\/wp-json\/wp\/v2\/product"}],"about":[{"href":"https:\/\/tilefly.com\/de\/wp-json\/wp\/v2\/types\/product"}],"replies":[{"embeddable":true,"href":"https:\/\/tilefly.com\/de\/wp-json\/wp\/v2\/comments?post=529940"}],"wp:featuredmedia":[{"embeddable":true,"href":"https:\/\/tilefly.com\/de\/wp-json\/wp\/v2\/media\/529942"}],"wp:attachment":[{"href":"https:\/\/tilefly.com\/de\/wp-json\/wp\/v2\/media?parent=529940"}],"wp:term":[{"taxonomy":"product_brand","embeddable":true,"href":"https:\/\/tilefly.com\/de\/wp-json\/wp\/v2\/product_brand?post=529940"},{"taxonomy":"product_cat","embeddable":true,"href":"https:\/\/tilefly.com\/de\/wp-json\/wp\/v2\/product_cat?post=529940"},{"taxonomy":"product_tag","embeddable":true,"href":"https:\/\/tilefly.com\/de\/wp-json\/wp\/v2\/product_tag?post=529940"}],"curies":[{"name":"wp","href":"https:\/\/api.w.org\/{rel}","templated":true}]}}