{"id":524377,"date":"2023-06-12T08:37:24","date_gmt":"2023-06-12T06:37:24","guid":{"rendered":"https:\/\/tilefly.com\/?post_type=product&#038;p=524377"},"modified":"2026-02-08T04:15:43","modified_gmt":"2026-02-08T03:15:43","slug":"fado-acqua-65x396","status":"publish","type":"product","link":"https:\/\/tilefly.com\/de\/produkt\/fado-acqua-65x396\/","title":{"rendered":"FADO ACQUA 6,5X39,6"},"content":{"rendered":"<div class=\"woocommerce-tabs wc-tabs-wrapper\"><div id=\"tab-description\" class=\"woocommerce-Tabs-panel woocommerce-Tabs-panel--description panel entry-content wc-tab\" role=\"tabpanel\" aria-labelledby=\"tab-title-description\"><p>En TileFly encontrar\u00e1s la variedad m\u00e1s amplia de azulejos y revestimientos online. Nuestro equipo trabaja d\u00eda a d\u00eda para ofrecerte siempre las \u00faltimas tendencias en azulejos, mosaicos, baldosas y revestimientos. Trabajamos \u00fanicamente con fabricantes espa\u00f1oles e italianos de referencia. Estas empresas nos garantizan una excelente calidad y disponibilidad de los productos. Recordamos que todos los azulejos, revestimientos y piezas especiales que puedas encontrar en nuestra web tienen informaci\u00f3n espec\u00edfica de cada producto en el apartado \u201cInformaci\u00f3n t\u00e9cnica\u201d. Una vez realices tu pedido, nuestro equipo verificar\u00e1 que todas las caracter\u00edsticas del producto seleccionado sean correctas. Podr\u00eda ocurrir que alguno de estos datos sea err\u00f3neo o contenga alguna variaci\u00f3n. Nuestro equipo se encargar\u00e1 de comunicarte cualquier variaci\u00f3n para siempre tener tu conformidad para que te quedes seguro y, sobre todo, satisfecho del producto que has comprado.<\/p><\/div><\/div><div class=\"info-tecnica\"><\/div>","protected":false},"excerpt":{"rendered":"<p>En TileFly encontrar\u00e1s la variedad m\u00e1s amplia de azulejos y revestimientos online. Nuestro equipo trabaja d\u00eda a d\u00eda para ofrecerte siempre las \u00faltimas tendencias en azulejos, mosaicos, baldosas y revestimientos. Trabajamos \u00fanicamente con fabricantes espa\u00f1oles e italianos de referencia. Estas empresas nos garantizan una excelente calidad y disponibilidad de los productos. Recordamos que todos los [&hellip;]<\/p>\n","protected":false},"featured_media":524402,"comment_status":"closed","ping_status":"closed","template":"","meta":[],"product_brand":[],"product_cat":[305,306,304],"product_tag":[],"class_list":{"0":"post-524377","1":"product","2":"type-product","3":"status-publish","4":"has-post-thumbnail","6":"product_cat-banos","7":"product_cat-cocina","8":"product_cat-revestimiento","10":"first","11":"instock","12":"shipping-taxable","13":"purchasable","14":"product-type-simple"},"_links":{"self":[{"href":"https:\/\/tilefly.com\/de\/wp-json\/wp\/v2\/product\/524377","targetHints":{"allow":["GET"]}}],"collection":[{"href":"https:\/\/tilefly.com\/de\/wp-json\/wp\/v2\/product"}],"about":[{"href":"https:\/\/tilefly.com\/de\/wp-json\/wp\/v2\/types\/product"}],"replies":[{"embeddable":true,"href":"https:\/\/tilefly.com\/de\/wp-json\/wp\/v2\/comments?post=524377"}],"wp:featuredmedia":[{"embeddable":true,"href":"https:\/\/tilefly.com\/de\/wp-json\/wp\/v2\/media\/524402"}],"wp:attachment":[{"href":"https:\/\/tilefly.com\/de\/wp-json\/wp\/v2\/media?parent=524377"}],"wp:term":[{"taxonomy":"product_brand","embeddable":true,"href":"https:\/\/tilefly.com\/de\/wp-json\/wp\/v2\/product_brand?post=524377"},{"taxonomy":"product_cat","embeddable":true,"href":"https:\/\/tilefly.com\/de\/wp-json\/wp\/v2\/product_cat?post=524377"},{"taxonomy":"product_tag","embeddable":true,"href":"https:\/\/tilefly.com\/de\/wp-json\/wp\/v2\/product_tag?post=524377"}],"curies":[{"name":"wp","href":"https:\/\/api.w.org\/{rel}","templated":true}]}}