{"id":503148,"date":"2021-07-22T17:39:19","date_gmt":"2021-07-22T15:39:19","guid":{"rendered":"https:\/\/tilefly.com\/producto\/azulejo-botanic-warm-147x147\/"},"modified":"2025-05-28T00:45:20","modified_gmt":"2025-05-27T22:45:20","slug":"azulejo-botanic-warm-147x147","status":"publish","type":"product","link":"https:\/\/tilefly.com\/de\/produkt\/azulejo-botanic-warm-147x147\/","title":{"rendered":"BOTANIC WARM 14,7X14,7"},"content":{"rendered":"<p>Azulejo porcel\u00e1nico de inspiraci\u00f3n urbana, formato 14.7\u00d714.7cm, en modernas tonalidades blancas con un total de 9 piezas con fuertes destonificaciones.<\/p><p>Una nueva serie de inspiraci\u00f3n moderna y urbana con una intensa fuerza crom\u00e1tica. La destonificaci\u00f3n entre sus piezas es la clave para convertirse en una serie altamente decorativa. La paleta de colores de CHICAGO est\u00e1 concebida para combinarse entre s\u00ed tanto en suelo como pared, pudiendo completar mosaicos \u00fanicos e inspiradores.<\/p><p>Los decorados TERRAZO, BOTANIC WARM y BOTANIC COLD, completan la serie jugando con los colores de la colecci\u00f3n.<\/p><p>\u00a1Atr\u00e9vete a combinar los diferentes formatos y colores de la serie!<\/p><p><a href=\"https:\/\/tilefly.com\/revestimiento\/\">Suelo y pared<\/a><br \/><a href=\"https:\/\/tilefly.com\/baldosas\/\">Porcel\u00e1nico<\/a><br \/>Interior y exterior<br \/>Resistente y f\u00e1cil de mantener<\/p>","protected":false},"excerpt":{"rendered":"<p>Azulejo porcel\u00e1nico de inspiraci\u00f3n urbana, formato 14.7\u00d714.7cm, en modernas tonalidades blancas con un total de 9 piezas con fuertes destonificaciones.Una nueva serie de inspiraci\u00f3n moderna y urbana con una intensa fuerza crom\u00e1tica. La destonificaci\u00f3n entre sus piezas es la clave para convertirse en una serie altamente decorativa. La paleta de colores de CHICAGO est\u00e1 concebida [&hellip;]<\/p>\n","protected":false},"featured_media":503150,"comment_status":"open","ping_status":"closed","template":"","meta":[],"product_brand":[],"product_cat":[303,305,306,304,307],"product_tag":[],"class_list":{"0":"post-503148","1":"product","2":"type-product","3":"status-publish","4":"has-post-thumbnail","6":"product_cat-baldosas","7":"product_cat-banos","8":"product_cat-cocina","9":"product_cat-revestimiento","10":"product_cat-salon","12":"first","13":"outofstock","14":"shipping-taxable","15":"purchasable","16":"product-type-simple"},"_links":{"self":[{"href":"https:\/\/tilefly.com\/de\/wp-json\/wp\/v2\/product\/503148","targetHints":{"allow":["GET"]}}],"collection":[{"href":"https:\/\/tilefly.com\/de\/wp-json\/wp\/v2\/product"}],"about":[{"href":"https:\/\/tilefly.com\/de\/wp-json\/wp\/v2\/types\/product"}],"replies":[{"embeddable":true,"href":"https:\/\/tilefly.com\/de\/wp-json\/wp\/v2\/comments?post=503148"}],"wp:featuredmedia":[{"embeddable":true,"href":"https:\/\/tilefly.com\/de\/wp-json\/wp\/v2\/media\/503150"}],"wp:attachment":[{"href":"https:\/\/tilefly.com\/de\/wp-json\/wp\/v2\/media?parent=503148"}],"wp:term":[{"taxonomy":"product_brand","embeddable":true,"href":"https:\/\/tilefly.com\/de\/wp-json\/wp\/v2\/product_brand?post=503148"},{"taxonomy":"product_cat","embeddable":true,"href":"https:\/\/tilefly.com\/de\/wp-json\/wp\/v2\/product_cat?post=503148"},{"taxonomy":"product_tag","embeddable":true,"href":"https:\/\/tilefly.com\/de\/wp-json\/wp\/v2\/product_tag?post=503148"}],"curies":[{"name":"wp","href":"https:\/\/api.w.org\/{rel}","templated":true}]}}