{"id":462022,"date":"2021-06-25T14:41:03","date_gmt":"2021-06-25T12:41:03","guid":{"rendered":"https:\/\/tilefly.com\/?post_type=product&#038;p=462022"},"modified":"2021-06-29T13:44:15","modified_gmt":"2021-06-29T11:44:15","slug":"crema-marfil-leaf-30x90","status":"publish","type":"product","link":"https:\/\/tilefly.com\/de\/produkt\/crema-marfil-leaf-30x90\/","title":{"rendered":"CREMA MARFIL LEAF 30X90"},"content":{"rendered":"<p>Nueva serie de <a href=\"https:\/\/tilefly.com\/revestimiento\/\">Revestimientos<\/a> pasta blanca Rectificado 30&#215;90<\/p><p>El m\u00e1rmol, un cl\u00e1sico irremplazable en la historia del dise\u00f1o y el interiorismo. Esta gran apuesta por el desarrollo del porcel\u00e1nico marmoleado, nace Maximus. Desarrollado con las \u00faltimas tecnolog\u00edas hasta convertir Maximus en lo que es hoy: las prestaciones de durabilidad, practicidad y resistencia de un porcel\u00e1nico, con una soluci\u00f3n estil\u00edstica cl\u00e1sica, elegante y atemporal de la recreaci\u00f3n del m\u00e1rmol. Con cada uno de sus 10 distintos dise\u00f1os, se pueden crear espacios de gran potencia est\u00e9tica y car\u00e1cter. Desde las tramas y vetas m\u00e1s suaves, hasta las l\u00edneas m\u00e1s marcadas y trazos con gran realismo.<\/p>","protected":false},"excerpt":{"rendered":"<p>Nueva serie de Revestimientos pasta blanca Rectificado 30&#215;90El m\u00e1rmol, un cl\u00e1sico irremplazable en la historia del dise\u00f1o y el interiorismo. Esta gran apuesta por el desarrollo del porcel\u00e1nico marmoleado, nace Maximus. Desarrollado con las \u00faltimas tecnolog\u00edas hasta convertir Maximus en lo que es hoy: las prestaciones de durabilidad, practicidad y resistencia de un porcel\u00e1nico, con [&hellip;]<\/p>\n","protected":false},"featured_media":462115,"comment_status":"closed","ping_status":"closed","template":"","meta":[],"product_brand":[],"product_cat":[304,305,306,307],"product_tag":[],"class_list":{"0":"post-462022","1":"product","2":"type-product","3":"status-publish","4":"has-post-thumbnail","6":"product_cat-revestimiento","7":"product_cat-banos","8":"product_cat-cocina","9":"product_cat-salon","11":"first","12":"instock","13":"shipping-taxable","14":"purchasable","15":"product-type-simple"},"_links":{"self":[{"href":"https:\/\/tilefly.com\/de\/wp-json\/wp\/v2\/product\/462022","targetHints":{"allow":["GET"]}}],"collection":[{"href":"https:\/\/tilefly.com\/de\/wp-json\/wp\/v2\/product"}],"about":[{"href":"https:\/\/tilefly.com\/de\/wp-json\/wp\/v2\/types\/product"}],"replies":[{"embeddable":true,"href":"https:\/\/tilefly.com\/de\/wp-json\/wp\/v2\/comments?post=462022"}],"wp:featuredmedia":[{"embeddable":true,"href":"https:\/\/tilefly.com\/de\/wp-json\/wp\/v2\/media\/462115"}],"wp:attachment":[{"href":"https:\/\/tilefly.com\/de\/wp-json\/wp\/v2\/media?parent=462022"}],"wp:term":[{"taxonomy":"product_brand","embeddable":true,"href":"https:\/\/tilefly.com\/de\/wp-json\/wp\/v2\/product_brand?post=462022"},{"taxonomy":"product_cat","embeddable":true,"href":"https:\/\/tilefly.com\/de\/wp-json\/wp\/v2\/product_cat?post=462022"},{"taxonomy":"product_tag","embeddable":true,"href":"https:\/\/tilefly.com\/de\/wp-json\/wp\/v2\/product_tag?post=462022"}],"curies":[{"name":"wp","href":"https:\/\/api.w.org\/{rel}","templated":true}]}}