{"id":135698,"date":"2020-10-19T07:47:28","date_gmt":"2020-10-19T05:47:28","guid":{"rendered":"https:\/\/tilefly.com\/producto\/pavimento-porcelanico-terracota-decor-blanco-20x20\/"},"modified":"2024-05-06T00:01:03","modified_gmt":"2024-05-05T22:01:03","slug":"pavimento-porcelanico-terracota-decor-blanco-20x20","status":"publish","type":"product","link":"https:\/\/tilefly.com\/de\/produkt\/pavimento-porcelanico-terracota-decor-blanco-20x20\/","title":{"rendered":"TERRACOTA DECOR BLANCO 20X20"},"content":{"rendered":"<p>Decoraci\u00f3n  en porcel\u00e1nico que reproduce con gran fidelidad los cambios de tono y las marcas de la superficie del barro natural, en un tono blanco roto con una gr\u00e1fica terracota desgastada por el paso del tiempo. Esta serie es una excelente alternativa  por sus altas prestaciones t\u00e9cnicas, ya que es muy f\u00e1cil de limpiar y muy resistente. Se puede usar en zonas completas o mezclada aleatoriamente con los azulejos de la serie Terracota. Gracias a su clase 2 de deslizamiento, no solo es apto para interiores si no que tambi\u00e9n se puede colocar en patios, balcones, y locales p\u00fablicos.<\/p>","protected":false},"excerpt":{"rendered":"<p>Decoraci\u00f3n en porcel\u00e1nico que reproduce con gran fidelidad los cambios de tono y las marcas de la superficie del barro natural, en un tono blanco roto con una gr\u00e1fica terracota desgastada por el paso del tiempo. Esta serie es una excelente alternativa por sus altas prestaciones t\u00e9cnicas, ya que es muy f\u00e1cil de limpiar y [&hellip;]<\/p>\n","protected":false},"featured_media":135700,"comment_status":"open","ping_status":"closed","template":"","meta":[],"product_brand":[],"product_cat":[456,460],"product_tag":[],"class_list":{"0":"post-135698","1":"product","2":"type-product","3":"status-publish","4":"has-post-thumbnail","6":"product_cat-vohnzimmer","7":"product_cat-bodenfliesen","9":"first","10":"instock","11":"shipping-taxable","12":"purchasable","13":"product-type-simple"},"_links":{"self":[{"href":"https:\/\/tilefly.com\/de\/wp-json\/wp\/v2\/product\/135698","targetHints":{"allow":["GET"]}}],"collection":[{"href":"https:\/\/tilefly.com\/de\/wp-json\/wp\/v2\/product"}],"about":[{"href":"https:\/\/tilefly.com\/de\/wp-json\/wp\/v2\/types\/product"}],"replies":[{"embeddable":true,"href":"https:\/\/tilefly.com\/de\/wp-json\/wp\/v2\/comments?post=135698"}],"wp:featuredmedia":[{"embeddable":true,"href":"https:\/\/tilefly.com\/de\/wp-json\/wp\/v2\/media\/135700"}],"wp:attachment":[{"href":"https:\/\/tilefly.com\/de\/wp-json\/wp\/v2\/media?parent=135698"}],"wp:term":[{"taxonomy":"product_brand","embeddable":true,"href":"https:\/\/tilefly.com\/de\/wp-json\/wp\/v2\/product_brand?post=135698"},{"taxonomy":"product_cat","embeddable":true,"href":"https:\/\/tilefly.com\/de\/wp-json\/wp\/v2\/product_cat?post=135698"},{"taxonomy":"product_tag","embeddable":true,"href":"https:\/\/tilefly.com\/de\/wp-json\/wp\/v2\/product_tag?post=135698"}],"curies":[{"name":"wp","href":"https:\/\/api.w.org\/{rel}","templated":true}]}}