{"id":135638,"date":"2020-10-19T07:47:28","date_gmt":"2020-10-19T05:47:28","guid":{"rendered":"https:\/\/tilefly.com\/producto\/mosaico-cristal-summum-25x32\/"},"modified":"2024-05-06T00:00:50","modified_gmt":"2024-05-05T22:00:50","slug":"mosaico-cristal-summum-25x32","status":"publish","type":"product","link":"https:\/\/tilefly.com\/de\/produkt\/mosaico-cristal-summum-25x32\/","title":{"rendered":"SUMMUM 25X32"},"content":{"rendered":"<p>Mosaico 3D de cristal, efecto diamante<br \/>Dise\u00f1o sobrio y elegante, las teselas de esta malla tienen forma de rombo diamantado, gracias a su bisel interior plateado, que produce un efecto \u00f3ptico muy interesante al potenciar los juegos de luz y sombra.<\/p><p>Comb\u00ednalo con cualquier azulejo liso o con dise\u00f1o de m\u00e1rmol y realza tu estancia, aportando un toque de distinci\u00f3n.<\/p><p>resistente y duradero<br \/>f\u00e1cil de limpiar<br \/>elegante y atemporal<\/p>","protected":false},"excerpt":{"rendered":"<p>Mosaico 3D de cristal, efecto diamanteDise\u00f1o sobrio y elegante, las teselas de esta malla tienen forma de rombo diamantado, gracias a su bisel interior plateado, que produce un efecto \u00f3ptico muy interesante al potenciar los juegos de luz y sombra.Comb\u00ednalo con cualquier azulejo liso o con dise\u00f1o de m\u00e1rmol y realza tu estancia, aportando un [&hellip;]<\/p>\n","protected":false},"featured_media":135640,"comment_status":"open","ping_status":"closed","template":"","meta":[],"product_brand":[],"product_cat":[305,306,304],"product_tag":[],"class_list":{"0":"post-135638","1":"product","2":"type-product","3":"status-publish","4":"has-post-thumbnail","6":"product_cat-banos","7":"product_cat-cocina","8":"product_cat-revestimiento","10":"first","11":"instock","12":"shipping-taxable","13":"purchasable","14":"product-type-simple"},"_links":{"self":[{"href":"https:\/\/tilefly.com\/de\/wp-json\/wp\/v2\/product\/135638","targetHints":{"allow":["GET"]}}],"collection":[{"href":"https:\/\/tilefly.com\/de\/wp-json\/wp\/v2\/product"}],"about":[{"href":"https:\/\/tilefly.com\/de\/wp-json\/wp\/v2\/types\/product"}],"replies":[{"embeddable":true,"href":"https:\/\/tilefly.com\/de\/wp-json\/wp\/v2\/comments?post=135638"}],"wp:featuredmedia":[{"embeddable":true,"href":"https:\/\/tilefly.com\/de\/wp-json\/wp\/v2\/media\/135640"}],"wp:attachment":[{"href":"https:\/\/tilefly.com\/de\/wp-json\/wp\/v2\/media?parent=135638"}],"wp:term":[{"taxonomy":"product_brand","embeddable":true,"href":"https:\/\/tilefly.com\/de\/wp-json\/wp\/v2\/product_brand?post=135638"},{"taxonomy":"product_cat","embeddable":true,"href":"https:\/\/tilefly.com\/de\/wp-json\/wp\/v2\/product_cat?post=135638"},{"taxonomy":"product_tag","embeddable":true,"href":"https:\/\/tilefly.com\/de\/wp-json\/wp\/v2\/product_tag?post=135638"}],"curies":[{"name":"wp","href":"https:\/\/api.w.org\/{rel}","templated":true}]}}