{"id":135550,"date":"2020-10-19T07:47:28","date_gmt":"2020-10-19T05:47:28","guid":{"rendered":"https:\/\/tilefly.com\/producto\/revestimiento-porcelanico-stella-mar-20x20\/"},"modified":"2025-08-18T10:10:11","modified_gmt":"2025-08-18T08:10:11","slug":"revestimiento-porcelanico-stella-mar-20x20","status":"publish","type":"product","link":"https:\/\/tilefly.com\/de\/produkt\/revestimiento-porcelanico-stella-mar-20x20\/","title":{"rendered":"STELLA MAR 20X20"},"content":{"rendered":"<p>Stella es un conjunto de dise\u00f1os hidr\u00e1ulicos, donde el terrazo adquiere relevancia. En este dise\u00f1o, las formas geom\u00e9tricas se trazan con precisi\u00f3n y con acabados perfectos. Disponible en tonos coral y versi\u00f3n en azul, para combinar con las bases de la serie Factory.<\/p>","protected":false},"excerpt":{"rendered":"<p>Stella es un conjunto de dise\u00f1os hidr\u00e1ulicos, donde el terrazo adquiere relevancia. En este dise\u00f1o, las formas geom\u00e9tricas se trazan con precisi\u00f3n y con acabados perfectos. Disponible en tonos coral y versi\u00f3n en azul, para combinar con las bases de la serie Factory.<\/p>\n","protected":false},"featured_media":135552,"comment_status":"open","ping_status":"closed","template":"","meta":[],"product_brand":[],"product_cat":[305,306,304],"product_tag":[],"class_list":{"0":"post-135550","1":"product","2":"type-product","3":"status-publish","4":"has-post-thumbnail","6":"product_cat-banos","7":"product_cat-cocina","8":"product_cat-revestimiento","10":"first","11":"outofstock","12":"shipping-taxable","13":"purchasable","14":"product-type-simple"},"_links":{"self":[{"href":"https:\/\/tilefly.com\/de\/wp-json\/wp\/v2\/product\/135550","targetHints":{"allow":["GET"]}}],"collection":[{"href":"https:\/\/tilefly.com\/de\/wp-json\/wp\/v2\/product"}],"about":[{"href":"https:\/\/tilefly.com\/de\/wp-json\/wp\/v2\/types\/product"}],"replies":[{"embeddable":true,"href":"https:\/\/tilefly.com\/de\/wp-json\/wp\/v2\/comments?post=135550"}],"wp:featuredmedia":[{"embeddable":true,"href":"https:\/\/tilefly.com\/de\/wp-json\/wp\/v2\/media\/135552"}],"wp:attachment":[{"href":"https:\/\/tilefly.com\/de\/wp-json\/wp\/v2\/media?parent=135550"}],"wp:term":[{"taxonomy":"product_brand","embeddable":true,"href":"https:\/\/tilefly.com\/de\/wp-json\/wp\/v2\/product_brand?post=135550"},{"taxonomy":"product_cat","embeddable":true,"href":"https:\/\/tilefly.com\/de\/wp-json\/wp\/v2\/product_cat?post=135550"},{"taxonomy":"product_tag","embeddable":true,"href":"https:\/\/tilefly.com\/de\/wp-json\/wp\/v2\/product_tag?post=135550"}],"curies":[{"name":"wp","href":"https:\/\/api.w.org\/{rel}","templated":true}]}}