{"id":133442,"date":"2020-10-18T23:58:16","date_gmt":"2020-10-18T21:58:16","guid":{"rendered":"https:\/\/tilefly.com\/producto\/revestimiento-ceramica-purity-mink-glossy-5x40\/"},"modified":"2025-05-28T00:45:14","modified_gmt":"2025-05-27T22:45:14","slug":"revestimiento-ceramica-purity-mink-glossy-5x40","status":"publish","type":"product","link":"https:\/\/tilefly.com\/de\/produkt\/revestimiento-ceramica-purity-mink-glossy-5x40\/","title":{"rendered":"PURITY MINK GLOSSY 5X40"},"content":{"rendered":"<p>La cer\u00e1mica en peque\u00f1o formato es una tendencia indiscutible en decoraci\u00f3n. PURITY es una propuesta muy actual,  disponible en dos formatos 5&#215;40 y 10&#215;40, para utilizarse solos o combinados. Realizada con borde recto y superficie ligeramente texturada, est\u00e1 disponible en 7 colores brillo.<\/p>","protected":false},"excerpt":{"rendered":"<p>La cer\u00e1mica en peque\u00f1o formato es una tendencia indiscutible en decoraci\u00f3n. PURITY es una propuesta muy actual, disponible en dos formatos 5&#215;40 y 10&#215;40, para utilizarse solos o combinados. Realizada con borde recto y superficie ligeramente texturada, est\u00e1 disponible en 7 colores brillo.<\/p>\n","protected":false},"featured_media":133444,"comment_status":"open","ping_status":"closed","template":"","meta":[],"product_brand":[],"product_cat":[305,306,304],"product_tag":[],"class_list":{"0":"post-133442","1":"product","2":"type-product","3":"status-publish","4":"has-post-thumbnail","6":"product_cat-banos","7":"product_cat-cocina","8":"product_cat-revestimiento","10":"first","11":"outofstock","12":"shipping-taxable","13":"purchasable","14":"product-type-simple"},"_links":{"self":[{"href":"https:\/\/tilefly.com\/de\/wp-json\/wp\/v2\/product\/133442","targetHints":{"allow":["GET"]}}],"collection":[{"href":"https:\/\/tilefly.com\/de\/wp-json\/wp\/v2\/product"}],"about":[{"href":"https:\/\/tilefly.com\/de\/wp-json\/wp\/v2\/types\/product"}],"replies":[{"embeddable":true,"href":"https:\/\/tilefly.com\/de\/wp-json\/wp\/v2\/comments?post=133442"}],"wp:featuredmedia":[{"embeddable":true,"href":"https:\/\/tilefly.com\/de\/wp-json\/wp\/v2\/media\/133444"}],"wp:attachment":[{"href":"https:\/\/tilefly.com\/de\/wp-json\/wp\/v2\/media?parent=133442"}],"wp:term":[{"taxonomy":"product_brand","embeddable":true,"href":"https:\/\/tilefly.com\/de\/wp-json\/wp\/v2\/product_brand?post=133442"},{"taxonomy":"product_cat","embeddable":true,"href":"https:\/\/tilefly.com\/de\/wp-json\/wp\/v2\/product_cat?post=133442"},{"taxonomy":"product_tag","embeddable":true,"href":"https:\/\/tilefly.com\/de\/wp-json\/wp\/v2\/product_tag?post=133442"}],"curies":[{"name":"wp","href":"https:\/\/api.w.org\/{rel}","templated":true}]}}