{"id":124411,"date":"2020-10-16T07:46:07","date_gmt":"2020-10-16T05:46:07","guid":{"rendered":"https:\/\/tilefly.com\/producto\/revestimiento-porcelanico-mangold-20x20\/"},"modified":"2024-12-13T11:11:34","modified_gmt":"2024-12-13T10:11:34","slug":"revestimiento-porcelanico-mangold-20x20","status":"publish","type":"product","link":"https:\/\/tilefly.com\/de\/produkt\/revestimiento-porcelanico-mangold-20x20\/","title":{"rendered":"MANGOLD 20X20"},"content":{"rendered":"<p>Esta decoraci\u00f3n de dise\u00f1os en tonos de gris y beige, destaca por su aplicaci\u00f3n de efectos blancos y brillantes. Comb\u00ednalo con los azulejos de la serie Factory para completar tu estancia.<\/p>","protected":false},"excerpt":{"rendered":"<p>Esta decoraci\u00f3n de dise\u00f1os en tonos de gris y beige, destaca por su aplicaci\u00f3n de efectos blancos y brillantes. Comb\u00ednalo con los azulejos de la serie Factory para completar tu estancia.<\/p>\n","protected":false},"featured_media":124413,"comment_status":"open","ping_status":"closed","template":"","meta":[],"product_brand":[],"product_cat":[305,306,304],"product_tag":[],"class_list":{"0":"post-124411","1":"product","2":"type-product","3":"status-publish","4":"has-post-thumbnail","6":"product_cat-banos","7":"product_cat-cocina","8":"product_cat-revestimiento","10":"first","11":"instock","12":"shipping-taxable","13":"purchasable","14":"product-type-simple"},"_links":{"self":[{"href":"https:\/\/tilefly.com\/de\/wp-json\/wp\/v2\/product\/124411","targetHints":{"allow":["GET"]}}],"collection":[{"href":"https:\/\/tilefly.com\/de\/wp-json\/wp\/v2\/product"}],"about":[{"href":"https:\/\/tilefly.com\/de\/wp-json\/wp\/v2\/types\/product"}],"replies":[{"embeddable":true,"href":"https:\/\/tilefly.com\/de\/wp-json\/wp\/v2\/comments?post=124411"}],"wp:featuredmedia":[{"embeddable":true,"href":"https:\/\/tilefly.com\/de\/wp-json\/wp\/v2\/media\/124413"}],"wp:attachment":[{"href":"https:\/\/tilefly.com\/de\/wp-json\/wp\/v2\/media?parent=124411"}],"wp:term":[{"taxonomy":"product_brand","embeddable":true,"href":"https:\/\/tilefly.com\/de\/wp-json\/wp\/v2\/product_brand?post=124411"},{"taxonomy":"product_cat","embeddable":true,"href":"https:\/\/tilefly.com\/de\/wp-json\/wp\/v2\/product_cat?post=124411"},{"taxonomy":"product_tag","embeddable":true,"href":"https:\/\/tilefly.com\/de\/wp-json\/wp\/v2\/product_tag?post=124411"}],"curies":[{"name":"wp","href":"https:\/\/api.w.org\/{rel}","templated":true}]}}