{"id":124403,"date":"2020-10-16T07:46:07","date_gmt":"2020-10-16T05:46:07","guid":{"rendered":"https:\/\/tilefly.com\/producto\/revestimiento-ceramica-mandorla-bronzo-25x25\/"},"modified":"2025-05-28T00:30:24","modified_gmt":"2025-05-27T22:30:24","slug":"revestimiento-ceramica-mandorla-bronzo-25x25","status":"publish","type":"product","link":"https:\/\/tilefly.com\/de\/produkt\/revestimiento-ceramica-mandorla-bronzo-25x25\/","title":{"rendered":"MANDORLA BRONZO 25X25"},"content":{"rendered":"<p>Azulejo con relieve en color metalizado bronzo. Vol\u00famen 3D en forma almendrada, similar a las hojas de los \u00e1rboles. Permite un sinf\u00edn de formas de colocaci\u00f3n que forman figuras diversas.<\/p>","protected":false},"excerpt":{"rendered":"<p>Azulejo con relieve en color metalizado bronzo. Vol\u00famen 3D en forma almendrada, similar a las hojas de los \u00e1rboles. Permite un sinf\u00edn de formas de colocaci\u00f3n que forman figuras diversas.<\/p>\n","protected":false},"featured_media":124405,"comment_status":"open","ping_status":"closed","template":"","meta":[],"product_brand":[],"product_cat":[305,306,304],"product_tag":[],"class_list":{"0":"post-124403","1":"product","2":"type-product","3":"status-publish","4":"has-post-thumbnail","6":"product_cat-banos","7":"product_cat-cocina","8":"product_cat-revestimiento","10":"first","11":"outofstock","12":"shipping-taxable","13":"purchasable","14":"product-type-simple"},"_links":{"self":[{"href":"https:\/\/tilefly.com\/de\/wp-json\/wp\/v2\/product\/124403","targetHints":{"allow":["GET"]}}],"collection":[{"href":"https:\/\/tilefly.com\/de\/wp-json\/wp\/v2\/product"}],"about":[{"href":"https:\/\/tilefly.com\/de\/wp-json\/wp\/v2\/types\/product"}],"replies":[{"embeddable":true,"href":"https:\/\/tilefly.com\/de\/wp-json\/wp\/v2\/comments?post=124403"}],"wp:featuredmedia":[{"embeddable":true,"href":"https:\/\/tilefly.com\/de\/wp-json\/wp\/v2\/media\/124405"}],"wp:attachment":[{"href":"https:\/\/tilefly.com\/de\/wp-json\/wp\/v2\/media?parent=124403"}],"wp:term":[{"taxonomy":"product_brand","embeddable":true,"href":"https:\/\/tilefly.com\/de\/wp-json\/wp\/v2\/product_brand?post=124403"},{"taxonomy":"product_cat","embeddable":true,"href":"https:\/\/tilefly.com\/de\/wp-json\/wp\/v2\/product_cat?post=124403"},{"taxonomy":"product_tag","embeddable":true,"href":"https:\/\/tilefly.com\/de\/wp-json\/wp\/v2\/product_tag?post=124403"}],"curies":[{"name":"wp","href":"https:\/\/api.w.org\/{rel}","templated":true}]}}