{"id":124129,"date":"2020-10-16T07:46:07","date_gmt":"2020-10-16T05:46:07","guid":{"rendered":"https:\/\/tilefly.com\/producto\/revestimiento-ceramica-kioto-white-gloss-25x25\/"},"modified":"2025-05-28T00:30:07","modified_gmt":"2025-05-27T22:30:07","slug":"revestimiento-ceramica-kioto-white-gloss-25x25","status":"publish","type":"product","link":"https:\/\/tilefly.com\/de\/produkt\/revestimiento-ceramica-kioto-white-gloss-25x25\/","title":{"rendered":"KIOTO WHITE GLOSS 25X25"},"content":{"rendered":"<p>Azulejo con relieve, volumen 3D en forma de pir\u00e1mide con v\u00e9rtice desplazado. En color blanco brillo se puede jugar, con la manera de colocarlo para lograr juegos de vol\u00famenes que inciden con la luz.<\/p>","protected":false},"excerpt":{"rendered":"<p>Azulejo con relieve, volumen 3D en forma de pir\u00e1mide con v\u00e9rtice desplazado. En color blanco brillo se puede jugar, con la manera de colocarlo para lograr juegos de vol\u00famenes que inciden con la luz.<\/p>\n","protected":false},"featured_media":124131,"comment_status":"open","ping_status":"closed","template":"","meta":[],"product_brand":[],"product_cat":[305,306,304],"product_tag":[],"class_list":{"0":"post-124129","1":"product","2":"type-product","3":"status-publish","4":"has-post-thumbnail","6":"product_cat-banos","7":"product_cat-cocina","8":"product_cat-revestimiento","10":"first","11":"outofstock","12":"shipping-taxable","13":"purchasable","14":"product-type-simple"},"_links":{"self":[{"href":"https:\/\/tilefly.com\/de\/wp-json\/wp\/v2\/product\/124129","targetHints":{"allow":["GET"]}}],"collection":[{"href":"https:\/\/tilefly.com\/de\/wp-json\/wp\/v2\/product"}],"about":[{"href":"https:\/\/tilefly.com\/de\/wp-json\/wp\/v2\/types\/product"}],"replies":[{"embeddable":true,"href":"https:\/\/tilefly.com\/de\/wp-json\/wp\/v2\/comments?post=124129"}],"wp:featuredmedia":[{"embeddable":true,"href":"https:\/\/tilefly.com\/de\/wp-json\/wp\/v2\/media\/124131"}],"wp:attachment":[{"href":"https:\/\/tilefly.com\/de\/wp-json\/wp\/v2\/media?parent=124129"}],"wp:term":[{"taxonomy":"product_brand","embeddable":true,"href":"https:\/\/tilefly.com\/de\/wp-json\/wp\/v2\/product_brand?post=124129"},{"taxonomy":"product_cat","embeddable":true,"href":"https:\/\/tilefly.com\/de\/wp-json\/wp\/v2\/product_cat?post=124129"},{"taxonomy":"product_tag","embeddable":true,"href":"https:\/\/tilefly.com\/de\/wp-json\/wp\/v2\/product_tag?post=124129"}],"curies":[{"name":"wp","href":"https:\/\/api.w.org\/{rel}","templated":true}]}}