{"id":121160,"date":"2020-10-14T22:46:14","date_gmt":"2020-10-14T20:46:14","guid":{"rendered":"https:\/\/tilefly.com\/producto\/revestimiento-cristal-exa-deluxe-23x27\/"},"modified":"2025-05-28T00:27:10","modified_gmt":"2025-05-27T22:27:10","slug":"revestimiento-cristal-exa-deluxe-23x27","status":"publish","type":"product","link":"https:\/\/tilefly.com\/de\/produkt\/revestimiento-cristal-exa-deluxe-23x27\/","title":{"rendered":"EXA DELUXE 23X27"},"content":{"rendered":"<p>Su m\u00e9todo de elaboraci\u00f3n artesanal, proporciona fondos diferentes debido a que se realiza con cristal fundido sobre un molde p\u00e9treo.<\/p>","protected":false},"excerpt":{"rendered":"<p>Su m\u00e9todo de elaboraci\u00f3n artesanal, proporciona fondos diferentes debido a que se realiza con cristal fundido sobre un molde p\u00e9treo.<\/p>\n","protected":false},"featured_media":121162,"comment_status":"open","ping_status":"closed","template":"","meta":[],"product_brand":[],"product_cat":[305,306,304],"product_tag":[],"class_list":{"0":"post-121160","1":"product","2":"type-product","3":"status-publish","4":"has-post-thumbnail","6":"product_cat-banos","7":"product_cat-cocina","8":"product_cat-revestimiento","10":"first","11":"instock","12":"shipping-taxable","13":"purchasable","14":"product-type-simple"},"_links":{"self":[{"href":"https:\/\/tilefly.com\/de\/wp-json\/wp\/v2\/product\/121160","targetHints":{"allow":["GET"]}}],"collection":[{"href":"https:\/\/tilefly.com\/de\/wp-json\/wp\/v2\/product"}],"about":[{"href":"https:\/\/tilefly.com\/de\/wp-json\/wp\/v2\/types\/product"}],"replies":[{"embeddable":true,"href":"https:\/\/tilefly.com\/de\/wp-json\/wp\/v2\/comments?post=121160"}],"wp:featuredmedia":[{"embeddable":true,"href":"https:\/\/tilefly.com\/de\/wp-json\/wp\/v2\/media\/121162"}],"wp:attachment":[{"href":"https:\/\/tilefly.com\/de\/wp-json\/wp\/v2\/media?parent=121160"}],"wp:term":[{"taxonomy":"product_brand","embeddable":true,"href":"https:\/\/tilefly.com\/de\/wp-json\/wp\/v2\/product_brand?post=121160"},{"taxonomy":"product_cat","embeddable":true,"href":"https:\/\/tilefly.com\/de\/wp-json\/wp\/v2\/product_cat?post=121160"},{"taxonomy":"product_tag","embeddable":true,"href":"https:\/\/tilefly.com\/de\/wp-json\/wp\/v2\/product_tag?post=121160"}],"curies":[{"name":"wp","href":"https:\/\/api.w.org\/{rel}","templated":true}]}}