{"id":121005,"date":"2020-10-14T22:46:14","date_gmt":"2020-10-14T20:46:14","guid":{"rendered":"https:\/\/tilefly.com\/producto\/revestimiento-porcelanico-diurne-oxide-ethnic-20x20\/"},"modified":"2024-05-06T00:00:50","modified_gmt":"2024-05-05T22:00:50","slug":"revestimiento-porcelanico-diurne-oxide-ethnic-20x20","status":"publish","type":"product","link":"https:\/\/tilefly.com\/de\/produkt\/revestimiento-porcelanico-diurne-oxide-ethnic-20x20\/","title":{"rendered":"DIURNE OXIDE ETHNIC 20X20"},"content":{"rendered":"<p>Azulejo porcel\u00e1nico con un sofisticado collage de motivos \u00e9tnicos en tonos cobrizos,  realizados sobre una plancha de acero. Este original dise\u00f1o es el complemento perfecto para decorar el azulejo Diurne Oxide de 60&#215;120. Tambi\u00e9n se puede mezclar con el azulejo 20&#215;20 de la misma serie.<\/p>","protected":false},"excerpt":{"rendered":"<p>Azulejo porcel\u00e1nico con un sofisticado collage de motivos \u00e9tnicos en tonos cobrizos, realizados sobre una plancha de acero. Este original dise\u00f1o es el complemento perfecto para decorar el azulejo Diurne Oxide de 60&#215;120. Tambi\u00e9n se puede mezclar con el azulejo 20&#215;20 de la misma serie.<\/p>\n","protected":false},"featured_media":121007,"comment_status":"open","ping_status":"closed","template":"","meta":[],"product_brand":[],"product_cat":[305,306,304],"product_tag":[],"class_list":{"0":"post-121005","1":"product","2":"type-product","3":"status-publish","4":"has-post-thumbnail","6":"product_cat-banos","7":"product_cat-cocina","8":"product_cat-revestimiento","10":"first","11":"instock","12":"shipping-taxable","13":"purchasable","14":"product-type-simple"},"_links":{"self":[{"href":"https:\/\/tilefly.com\/de\/wp-json\/wp\/v2\/product\/121005","targetHints":{"allow":["GET"]}}],"collection":[{"href":"https:\/\/tilefly.com\/de\/wp-json\/wp\/v2\/product"}],"about":[{"href":"https:\/\/tilefly.com\/de\/wp-json\/wp\/v2\/types\/product"}],"replies":[{"embeddable":true,"href":"https:\/\/tilefly.com\/de\/wp-json\/wp\/v2\/comments?post=121005"}],"wp:featuredmedia":[{"embeddable":true,"href":"https:\/\/tilefly.com\/de\/wp-json\/wp\/v2\/media\/121007"}],"wp:attachment":[{"href":"https:\/\/tilefly.com\/de\/wp-json\/wp\/v2\/media?parent=121005"}],"wp:term":[{"taxonomy":"product_brand","embeddable":true,"href":"https:\/\/tilefly.com\/de\/wp-json\/wp\/v2\/product_brand?post=121005"},{"taxonomy":"product_cat","embeddable":true,"href":"https:\/\/tilefly.com\/de\/wp-json\/wp\/v2\/product_cat?post=121005"},{"taxonomy":"product_tag","embeddable":true,"href":"https:\/\/tilefly.com\/de\/wp-json\/wp\/v2\/product_tag?post=121005"}],"curies":[{"name":"wp","href":"https:\/\/api.w.org\/{rel}","templated":true}]}}