{"id":120850,"date":"2020-10-14T22:46:14","date_gmt":"2020-10-14T20:46:14","guid":{"rendered":"https:\/\/tilefly.com\/producto\/mosaico-metal-corten-26x302\/"},"modified":"2024-05-06T00:01:07","modified_gmt":"2024-05-05T22:01:07","slug":"mosaico-metal-corten-26x302","status":"publish","type":"product","link":"https:\/\/tilefly.com\/de\/produkt\/mosaico-metal-corten-26x302\/","title":{"rendered":"CORTEN 26X30,2"},"content":{"rendered":"<p>Los tonos rojizos y marron\u00e1ceos de este mosaico de aluminio compuesto de peque\u00f1os hex\u00e1gonos, se asemejan al color del acero corten.<\/p>","protected":false},"excerpt":{"rendered":"<p>Los tonos rojizos y marron\u00e1ceos de este mosaico de aluminio compuesto de peque\u00f1os hex\u00e1gonos, se asemejan al color del acero corten.<\/p>\n","protected":false},"featured_media":120852,"comment_status":"open","ping_status":"closed","template":"","meta":[],"product_brand":[],"product_cat":[305,306,304],"product_tag":[],"class_list":{"0":"post-120850","1":"product","2":"type-product","3":"status-publish","4":"has-post-thumbnail","6":"product_cat-banos","7":"product_cat-cocina","8":"product_cat-revestimiento","10":"first","11":"instock","12":"shipping-taxable","13":"purchasable","14":"product-type-simple"},"_links":{"self":[{"href":"https:\/\/tilefly.com\/de\/wp-json\/wp\/v2\/product\/120850","targetHints":{"allow":["GET"]}}],"collection":[{"href":"https:\/\/tilefly.com\/de\/wp-json\/wp\/v2\/product"}],"about":[{"href":"https:\/\/tilefly.com\/de\/wp-json\/wp\/v2\/types\/product"}],"replies":[{"embeddable":true,"href":"https:\/\/tilefly.com\/de\/wp-json\/wp\/v2\/comments?post=120850"}],"wp:featuredmedia":[{"embeddable":true,"href":"https:\/\/tilefly.com\/de\/wp-json\/wp\/v2\/media\/120852"}],"wp:attachment":[{"href":"https:\/\/tilefly.com\/de\/wp-json\/wp\/v2\/media?parent=120850"}],"wp:term":[{"taxonomy":"product_brand","embeddable":true,"href":"https:\/\/tilefly.com\/de\/wp-json\/wp\/v2\/product_brand?post=120850"},{"taxonomy":"product_cat","embeddable":true,"href":"https:\/\/tilefly.com\/de\/wp-json\/wp\/v2\/product_cat?post=120850"},{"taxonomy":"product_tag","embeddable":true,"href":"https:\/\/tilefly.com\/de\/wp-json\/wp\/v2\/product_tag?post=120850"}],"curies":[{"name":"wp","href":"https:\/\/api.w.org\/{rel}","templated":true}]}}