{"id":514753,"date":"2022-05-04T09:38:27","date_gmt":"2022-05-04T07:38:27","guid":{"rendered":"https:\/\/tilefly.com\/rechtliche-hinweise\/"},"modified":"2023-08-01T13:04:32","modified_gmt":"2023-08-01T11:04:32","slug":"rechtliche-hinweise","status":"publish","type":"page","link":"https:\/\/tilefly.com\/de\/rechtliche-hinweise\/","title":{"rendered":"Rechtlicher Hinweis"},"content":{"rendered":"<div class=\"bloque container\"><h5><strong>OBJEKT.<\/strong><\/h5><p>Die folgenden rechtlichen Bedingungen regeln den Zugang und die Nutzung der Website <a href=\"https:\/\/tilefly.com\/de\/\">www.tilefly.com <\/a>(im Folgenden als &#8220;Website&#8221; bezeichnet) und der Website des Eigent\u00fcmers Monde Tiles S.L., im Folgenden als TILEFLY bezeichnet.<\/p><p>NIF: B44525111<\/p><p>Adresse CUSTA VILLAREAL ONDA S\/N, 1300, Onda, Castell\u00f3n, Spanien.<\/p><p>Email: <a href=\"mailto:info@tilefly.com\">info@tilefly.com<\/a><\/p><p>Telefon: +34 960018760<\/p><p>Mit dem Zugriff und der Nutzung dieser Website best\u00e4tigen Sie (im Folgenden &#8220;Nutzer&#8221; genannt), dass Sie die vorliegenden rechtlichen Nutzungsbedingungen gelesen und verstanden haben und sich mit deren vollst\u00e4ndiger Einhaltung einverstanden erkl\u00e4ren.<\/p><p>Wenn Sie mit einer der folgenden Bedingungen nicht einverstanden sind, m\u00fcssen Sie diese Website verlassen und den Zugang zu ihr einstellen.<\/p><p>&nbsp;<\/p><h5><strong>EIGENTUM DER WEBSITE TILEFLY.COM<\/strong><\/h5><p>In \u00dcbereinstimmung mit dem Gesetz 34\/2002 vom 11. Juli 2002 und anderen anwendbaren Gesetzen informieren wir Sie, dass diese Website Eigentum von Monde Tiles S.L. mit der Steueridentifikationsnummer B44525111 ist.<\/p><p>Sie k\u00f6nnen TILEFLY telefonisch unter der Nummer +34 960018760 oder per E-Mail unter <a href=\"mailto:info@tilefly.com\">info@tilefly.com<\/a>erreichen.<\/p><p>Sofern nicht anders angegeben, kann die Kommunikation mit TILEFLY per Post\/Post an die oben genannte Adresse oder per E-Mail an <a href=\"mailto:info@tilefly.com\">info@tilefly.com<\/a> erfolgen. TILEFLY setzt sich mit dem Nutzer per E-Mail an die Adresse in Verbindung, die ihr vorliegt oder die sie ihm in diesem Zusammenhang mitgeteilt hat.<\/p><p>&nbsp;<\/p><h5><strong>BETRIEB DER WEBSITE TILEFLY.COM<\/strong><\/h5><p>TILEFLY beh\u00e4lt sich das Recht vor, den Inhalt, die Struktur, die Benutzerfreundlichkeit, die Funktionsweise oder die Bedingungen f\u00fcr den Zugang zu dieser Website jederzeit einseitig und ohne vorherige Mitteilung an die Nutzer zu \u00e4ndern.<\/p><p>Die Nutzer der Website akzeptieren jedoch und sind sich bewusst, dass einige der auf der Website enthaltenen Informationen unrichtig, unvollst\u00e4ndig oder veraltet sein oder Schreibfehler enthalten k\u00f6nnen. TILEFLY ist nicht verpflichtet, den Inhalt der Website st\u00e4ndig zu aktualisieren und haftet nicht f\u00fcr die Nichtaktualisierung dieser Inhalte. Es liegt in der alleinigen Verantwortung des Nutzers, die Richtigkeit und\/oder N\u00fctzlichkeit der auf dieser Website enthaltenen Ratschl\u00e4ge, Meinungen, Informationen oder sonstigen Inhalte zu beurteilen.<\/p><p>TILEFLY beh\u00e4lt sich au\u00dferdem das Recht vor, den Zugang zu dieser Website ohne vorherige Ank\u00fcndigung vor\u00fcbergehend auszusetzen, um die Website zu aktualisieren, zu verwalten, zu warten, zu verbessern oder zu reparieren.<\/p><p>Dem Nutzer ist es untersagt, die Website zu nutzen, um illegale, verleumderische, beleidigende, diffamierende, bedrohende, propagandistische, pornografische, skandal\u00f6se, obsz\u00f6ne oder sonstige Inhalte oder Materialien zu versenden, zu ver\u00f6ffentlichen oder zu \u00fcbermitteln, die nach geltendem Recht eine straf- oder zivilrechtliche Haftung begr\u00fcnden k\u00f6nnten. Im Falle eines solchen Ereignisses haftet der Nutzer.<\/p><p>TILEFLY garantiert weder, dass diese Website oder die Server, auf denen sie gehostet wird, frei von Viren oder anderer potenziell gef\u00e4hrlicher Software sind, noch die Kontinuit\u00e4t, die Verf\u00fcgbarkeit, die N\u00fctzlichkeit und die Unfehlbarkeit des Betriebs dieser Website, ihrer Dienste oder ihrer Inhalte, noch die Zuverl\u00e4ssigkeit, die Rechtm\u00e4\u00dfigkeit oder die N\u00fctzlichkeit der von Dritten \u00fcber diese Website \u00fcbermittelten Informationen und Inhalte.<\/p><p>Generell darf diese Website nur von nat\u00fcrlichen und juristischen Personen genutzt werden, die gem\u00e4\u00df den geltenden Rechtsvorschriften ausreichend gesch\u00e4ftsf\u00e4hig sind. Ausnahmsweise kann die Website von Minderj\u00e4hrigen genutzt werden, die zuvor die Genehmigung ihrer Eltern oder Erziehungsberechtigten eingeholt haben, die f\u00fcr die Nutzung der Website durch die ihnen anvertrauten Minderj\u00e4hrigen verantwortlich sind.<\/p><p>&nbsp;<\/p><h5><strong>NUTZERVERHALTEN UND VERBOTE.<\/strong><\/h5><p>Die Nutzung der von TILEFLY angebotenen Dienste und Inhalte erfolgt auf alleinige Verantwortung und Gefahr des Nutzers.<\/p><p>TILEFLY \u00fcbernimmt keine Verpflichtung, die von den Nutzern \u00fcbermittelten Inhalte und Informationen zu \u00fcberpr\u00fcfen oder zu \u00fcberwachen.<\/p><p>Der Benutzer verpflichtet sich, die Website, ihre Dienste und ihren gesamten Inhalt immer in \u00dcbereinstimmung mit dem Gesetz, den guten Sitten, in einer sorgf\u00e4ltigen Art und Weise und vorbehaltlich dieser allgemeinen Bedingungen zu verwenden, immer mit R\u00fccksicht auf andere Benutzer.<\/p><p>Ebenso verpflichtet sich der Nutzer, die Informationen, Inhalte und Materialien der Website in angemessener Weise zu nutzen und sie nicht f\u00fcr kriminelle oder illegale Aktivit\u00e4ten zu verwenden, die gegen die Vorschriften \u00fcber geistiges und gewerbliches Eigentum, die Rechte Dritter oder andere Vorschriften der geltenden Rechtsordnung versto\u00dfen, wobei er gegen\u00fcber TILEFLY und Dritten f\u00fcr die Nichteinhaltung dieser Bestimmungen allein verantwortlich ist.<\/p><p>Der Nutzer verpflichtet sich, keine Informationen oder Materialien einzuf\u00fchren, zu verbreiten, zu \u00fcbermitteln oder Dritten zug\u00e4nglich zu machen, die gegen das Gesetz, die \u00f6ffentliche Ordnung, die guten Sitten und die vorliegenden allgemeinen Nutzungsbedingungen versto\u00dfen.<\/p><p>In jedem Fall muss der Nutzer stets wahrheitsgem\u00e4\u00dfe Angaben machen, die zu keinerlei Fehlern f\u00fchren k\u00f6nnen, sowie korrekte Identifikationsdaten angeben und sich niemals als Dritte oder in deren Namen ausgeben.<\/p><p>In Bezug auf die Verletzung von Unregelm\u00e4\u00dfigkeiten bedenken Sie bitte, dass durch den einfachen Zugriff auf unsere Website die IP-Adresse Ihres Computers aufgezeichnet wird.<\/p><p>&nbsp;<\/p><h5><strong>GESCH\u00dcTZTE BEREICHE DER WEBSITE.<\/strong><\/h5><p>F\u00fcr den Zugang zu den Diensten und der Website von TILEFLY ist es im Allgemeinen nicht erforderlich, dass der Nutzer ein Abonnement abschlie\u00dft oder sich registriert.<\/p><p>Die Nutzung bestimmter Dienste kann davon abh\u00e4ngig gemacht werden, dass man ein pers\u00f6nliches Konto erh\u00e4lt, indem man sich als Nutzer registriert. Diese Registrierung erfolgt auf die auf der Website ausdr\u00fccklich angegebene Weise.<\/p><p>Diese Website kann Bereiche mit beschr\u00e4nktem Zugang enthalten, die durch Passw\u00f6rter, Kennungen oder andere Sicherheitsmechanismen gesch\u00fctzt sind. Der Nutzer darf nicht versuchen, auf diese Bereiche mit eingeschr\u00e4nktem Zugang zuzugreifen, ohne von TILEFLY ordnungsgem\u00e4\u00df dazu erm\u00e4chtigt worden zu sein, noch darf er versuchen, die von TILEFLY eingerichteten Schutzmechanismen zu umgehen oder zu manipulieren.<\/p><p>Der Nutzer, der von TILEFLY zum Zugang zu einem dieser gesch\u00fctzten Bereiche erm\u00e4chtigt wurde, ist ausschlie\u00dflich daf\u00fcr verantwortlich, die Passw\u00f6rter, Kennungen und sonstigen Sicherheitsmethoden, die TILEFLY f\u00fcr den Zugang zu den gesch\u00fctzten Bereichen zur Verf\u00fcgung stellt, streng geheim zu halten und nicht an Dritte weiterzugeben. F\u00fcr Sch\u00e4den, die aus der Nichtbeachtung der vorgenannten Sicherheitsmechanismen resultieren, haftet daher allein der Nutzer.<\/p><p>Der Nutzer wird darauf hingewiesen, dass der Versuch, sich unbefugt Zugang zu den gesch\u00fctzten Bereichen dieser Website zu verschaffen, zivil- und\/oder strafrechtlich verfolgt werden kann.<\/p><p>&nbsp;<\/p><h5><strong>GEISTIGES UND GEWERBLICHES EIGENTUM.<\/strong><\/h5><p>Der gesamte Inhalt der Website, einschlie\u00dflich, aber nicht beschr\u00e4nkt auf Marken, Grafiken, Logos, Bilder, Ton- und Videodateien, Software, Programmiercode, Texte, Symbole und die Bezeichnungen von Dienstleistungen (im Folgenden &#8220;die Materialien&#8221;) sind Eigentum von TILEFLY und durch die geltenden Rechtsvorschriften \u00fcber geistiges und gewerbliches Eigentum gesch\u00fctzt.<\/p><p>Der Zugriff des Nutzers auf diese Website impliziert keine \u00dcbertragung, keinen Verzicht oder keine Abtretung dieser Eigentumsrechte, weder ganz noch teilweise. Aus diesem Grund gew\u00e4hrt der Zugang zu diesen Inhalten oder Elementen dem Nutzer unter keinen Umst\u00e4nden die M\u00f6glichkeit, die hierin enthaltenen Informationen und Elemente zu kopieren, zu verkaufen, zu vervielf\u00e4ltigen, zu ver\u00e4ndern, zu \u00fcbertragen, zu ver\u00f6ffentlichen, zu \u00fcbermitteln oder neue Produkte oder Dienstleistungen zu schaffen.<\/p><p>Aus diesem Grund ist es dem Nutzer dieser Website nicht gestattet, das Material zu kopieren, herunterzuladen, zu verteilen, zu modifizieren, zu l\u00f6schen, zu ver\u00e4ndern, zu unterdr\u00fccken, zu ver\u00f6ffentlichen, zu \u00fcbertragen oder in irgendeiner Weise zu verwerten, es sei denn, er hat eine ausdr\u00fcckliche schriftliche Genehmigung von TILEFLY.<\/p><p>Der Nutzer erwirbt keine Rechte oder Lizenzen in Bezug auf den Dienst oder die darin enthaltenen Elemente, mit Ausnahme des eingeschr\u00e4nkten Rechts, den Dienst gem\u00e4\u00df den geltenden Bestimmungen und Bedingungen zu nutzen. Sie d\u00fcrfen die Inhalte oder Elemente, auf die Sie \u00fcber die TILEFLY-Dienste zugreifen, nur f\u00fcr Ihren eigenen Gebrauch und Bedarf nutzen und verpflichten sich, weder die Dienste noch die \u00fcber sie erhaltenen Materialien, Elemente, Inhalte oder Informationen direkt oder indirekt kommerziell zu verwerten.<\/p><p>&nbsp;<\/p><h5><strong>DATENSCHUTZ UND DATENSCHUTZPOLITIK.<\/strong><\/h5><p>Siehe Abschnitt <a href=\"https:\/\/tilefly.com\/de\/datenschutzbestimmungen\/\">Datenschutzbestimmungen<\/a><\/p><p>&nbsp;<\/p><h5><strong>COOKIE-POLITIK.<\/strong><\/h5><p>Siehe Abschnitt <a href=\"https:\/\/tilefly.com\/de\/datenschutzbestimmungen\/\">Datenschutzbestimmungen<\/a><\/p><p>&nbsp;<\/p><h5><strong>VERKAUFS- UND R\u00dcCKGABEBEDINGUNGEN.<\/strong><\/h5><p>Siehe Abschnitt <a href=\"https:\/\/tilefly.com\/de\/faq\/wie-zuruck-oder-stornieren-bestellung\/\">Verkaufs- und R\u00fcckgabebedingungen<\/a>.<\/p><p>&nbsp;<\/p><h5><strong>VON DEN NUTZERN \u00dcBERMITTELTE INFORMATIONEN.<\/strong><\/h5><p>Diese Website kann \u00f6ffentliche Foren, Chatrooms und andere Mechanismen enthalten, \u00fcber die Benutzer Dateien in elektronischem Format austauschen oder ihre Meinung \u00e4u\u00dfern k\u00f6nnen. Mitteilungen, Informationen und Dateien, die \u00fcber diese Foren und R\u00e4ume verschickt werden, sowie E-Mail-Adressen und andere Mitteilungen, die von den Nutzern offengelegt werden, gelten nicht als vertrauliches Material.<\/p><p>Wenn Nutzer Informationen auf dieser Website ver\u00f6ffentlichen oder \u00fcbermitteln, erteilen sie TILEFLY die Erlaubnis, diese Informationen zu verwenden, einschlie\u00dflich, aber nicht beschr\u00e4nkt auf die Verwendung, \u00dcbertragung, Reproduktion, Ver\u00f6ffentlichung oder Versendung dieser Informationen f\u00fcr jeden Zweck, einschlie\u00dflich, aber nicht beschr\u00e4nkt auf die Reproduktion, \u00dcbertragung, Offenlegung, Ver\u00f6ffentlichung oder Versendung dieser Informationen.<\/p><p>TILEFLY \u00fcbernimmt keine Verantwortung f\u00fcr den Inhalt von Mitteilungen oder Informationen, die von seinen Nutzern \u00fcber diese Bereiche verschickt werden.<\/p><p>&nbsp;<\/p><h5><strong>AUSSCHLUSS DER GARANTIE UND HAFTUNG DER SITE.<\/strong><\/h5><p>Alle auf dieser Website enthaltenen Informationen werden ohne M\u00e4ngelgew\u00e4hr bereitgestellt, ohne dass TILEFLY eine ausdr\u00fcckliche oder stillschweigende Garantie f\u00fcr die Zuverl\u00e4ssigkeit, Genauigkeit und Vollst\u00e4ndigkeit dieser Website \u00fcbernimmt. TILEFLY \u00fcbernimmt keine stillschweigenden oder ausdr\u00fccklichen Garantien, einschlie\u00dflich, aber nicht beschr\u00e4nkt auf, Garantien der Marktg\u00e4ngigkeit, Qualit\u00e4t oder Eignung f\u00fcr einen bestimmten Zweck.<\/p><p>TILEFLY garantiert auch nicht, dass diese Website oder die Server, auf denen sie gehostet wird, frei von Viren oder anderer potenziell sch\u00e4dlicher Software sind.<\/p><p>TILEFLY garantiert weder die Kontinuit\u00e4t, Verf\u00fcgbarkeit, N\u00fctzlichkeit und Unfehlbarkeit des Betriebs dieser Website, ihrer Dienste oder ihrer Inhalte noch die Zuverl\u00e4ssigkeit oder N\u00fctzlichkeit der von Dritten \u00fcber diese Website bereitgestellten Informationen und Inhalte. Obwohl TILEFLY alle angemessenen Anstrengungen unternimmt, um die Verf\u00fcgbarkeit, Zug\u00e4nglichkeit, Kontinuit\u00e4t und Unfehlbarkeit des Betriebs und seiner Dienste zu gew\u00e4hrleisten, kann TILEFLY diese nicht garantieren, da sie durch zahlreiche Faktoren, die sich seiner Kontrolle entziehen, beeintr\u00e4chtigt werden k\u00f6nnen. Folglich haftet sie innerhalb der in der geltenden Rechtsordnung festgelegten Grenzen nicht f\u00fcr Sch\u00e4den jeglicher Art, die dem Nutzer infolge der oben genannten Nichtverf\u00fcgbarkeit, mangelnden Kontinuit\u00e4t und Zugangsst\u00f6rungen entstehen.<\/p><p>&nbsp;<\/p><h5><strong>HAFTUNGSBESCHR\u00c4NKUNG.<\/strong><\/h5><p>TILEFLY haftet in keiner Weise f\u00fcr direkte oder indirekte Sch\u00e4den, Gewinneinbu\u00dfen oder den Verlust von Daten und\/oder Kunden, die sich aus der Nutzung durch die Nutzer oder der Unm\u00f6glichkeit der Nutzung dieser Website ergeben.<\/p><p>Diese Website kann Hypertext-Links (&#8220;Links&#8221;) und Verweise auf andere Seiten und Websites enthalten, die nicht von TILEFLY kontrolliert werden; in diesem Fall kann TILEFLY nicht f\u00fcr den Inhalt dieser Seiten verantwortlich gemacht werden.<\/p><p>Der Nutzer erkl\u00e4rt sich ausdr\u00fccklich damit einverstanden, TILEFLY von jeglicher Haftung f\u00fcr die Handlungen oder Unterlassungen des Nutzers aufgrund der auf dieser Website bereitgestellten Inhalte und Informationen freizustellen.<\/p><p>Sie sind sich ausdr\u00fccklich dar\u00fcber im Klaren und erkl\u00e4ren sich damit einverstanden, dass jegliche Inhalte, Software oder andere Materialien, die Sie \u00fcber diese Website beziehen, herunterladen oder anderweitig erhalten, auf Ihr eigenes Risiko erfolgen, und dass Sie als Nutzer allein f\u00fcr jegliche Sch\u00e4den oder Datenverluste verantwortlich sind, die an Ihren Computersystemen verursacht werden.<\/p><p>TILEFLY hat alle angemessenen Ma\u00dfnahmen ergriffen, um sicherzustellen, dass die auf dieser Website enthaltenen Informationen korrekt sind. Die Nutzer der Website erkennen jedoch an, dass einige der auf dieser Website enthaltenen Informationen unvollst\u00e4ndig, unrichtig oder veraltet sein oder Fehler enthalten k\u00f6nnen.<\/p><p>&nbsp;<\/p><h5><strong>DAS RECHT AUF AUSSCHLUSS UND TEILNICHTIGKEIT.<\/strong><\/h5><p>TILEFLY beh\u00e4lt sich das Recht vor, einem Nutzer die Nutzung aller oder einzelner Dienste der Website ohne vorherige Ank\u00fcndigung zu entziehen, zu stornieren oder zu untersagen, wenn der Nutzer nach eigenem Ermessen und unter beliebigen Umst\u00e4nden die Website nicht ordnungsgem\u00e4\u00df nutzt.<\/p><p>Sollte eine Bestimmung dieser Bedingungen von einem zust\u00e4ndigen Gericht f\u00fcr rechtswidrig oder nichtig befunden werden, so wird diese Bestimmung, soweit gesetzlich erforderlich, ausgeschlossen. Sie erkl\u00e4ren sich ausdr\u00fccklich damit einverstanden, dass alle anderen nicht ausgeschlossenen Bestimmungen unver\u00e4ndert bleiben und weiterhin in vollem Umfang in Kraft sind.<\/p><p>&nbsp;<\/p><h5><strong>ANWENDBARES RECHT UND GERICHTSBARKEIT.<\/strong><\/h5><p>Diese Website wird von Spanien aus betrieben. Alle Angelegenheiten im Zusammenhang mit dieser Website unterliegen dem spanischen Recht und der Gerichtsbarkeit der zust\u00e4ndigen Gerichte in Spanien, ohne dass die Grunds\u00e4tze des Kollisionsrechts zur Anwendung kommen. In den F\u00e4llen, in denen der Nutzer kein Verbraucher ist oder seinen Wohnsitz au\u00dferhalb Spaniens hat, unterliegen TILEFLY und der Nutzer den Gerichten von Castell\u00f3n. Unter ausdr\u00fccklichem Verzicht auf jede andere Zust\u00e4ndigkeit, die ihnen m\u00f6glicherweise zusteht.<\/p><p>Wenn Sie sich entschlie\u00dfen, diese Website von au\u00dferhalb Spaniens zu konsultieren oder zu nutzen, sollten Sie sich bewusst sein, dass Sie dies auf eigene Initiative tun und dass Sie f\u00fcr die Einhaltung der entsprechenden lokalen Gesetze verantwortlich sind.<\/p><p>&nbsp;<\/p><h5><strong>DAUER UND \u00dcBERPR\u00dcFUNG.<\/strong><\/h5><p>Obwohl das Rechtsverh\u00e4ltnis zwischen TILEFLY und dem Nutzer, das sich aus dem Zugang zu und der Nutzung der Website ergibt, von unbestimmter Dauer ist, gilt es als beendet, wenn das Unternehmen die vorliegenden allgemeinen Gesch\u00e4ftsbedingungen \u00e4ndert. In dem Moment, in dem das Unternehmen die \u00c4nderung der allgemeinen Bedingungen ank\u00fcndigt, hat der Nutzer Zugang zu beiden Seiten und nutzt diese auf ebenso unbestimmte Weise.<\/p><p>Unbeschadet des Vorstehenden ist das Unternehmen TILEFLY berechtigt, die Erbringung der von ihm angebotenen Dienstleistungen jederzeit und ohne Vorank\u00fcndigung oder triftigen Grund einseitig zu unterbrechen, auszusetzen oder zu beenden.<\/p><p>TILEFLY beh\u00e4lt sich das Recht vor, diese Nutzungsbedingungen jederzeit einseitig und ohne Vorank\u00fcndigung zu \u00e4ndern. Die ge\u00e4nderten Bedingungen treten in Kraft, sobald sie auf dieser Website ver\u00f6ffentlicht werden. Wenn Sie ein regelm\u00e4\u00dfiger Nutzer dieser Website sind, sollten Sie die Bedingungen regelm\u00e4\u00dfig \u00fcberpr\u00fcfen und den Zugriff auf die Website unterlassen, wenn Sie eine der ge\u00e4nderten Bedingungen nicht akzeptieren k\u00f6nnen.<\/p><p>Ebenso informieren wir Sie \u00fcber die M\u00f6glichkeit, Ihre Rechte auf Zugang, L\u00f6schung, Berichtigung und Widerspruch bez\u00fcglich Ihrer pers\u00f6nlichen Daten kostenlos per E-Mail an <a href=\"mailto:info@tilefly.com\">info@tilefly.com oder <\/a>per Post an folgende Adresse auszu\u00fcben: CUSTA VILLAREAL ONDA S\/N, 12200 ONDA, CASTELLON.<\/p><p>&nbsp;<\/p><\/div><h5><\/h5>","protected":false},"excerpt":{"rendered":"","protected":false},"author":65821,"featured_media":0,"parent":0,"menu_order":0,"comment_status":"closed","ping_status":"closed","template":"","meta":{"footnotes":""},"class_list":["post-514753","page","type-page","status-publish","hentry"],"_links":{"self":[{"href":"https:\/\/tilefly.com\/de\/wp-json\/wp\/v2\/pages\/514753","targetHints":{"allow":["GET"]}}],"collection":[{"href":"https:\/\/tilefly.com\/de\/wp-json\/wp\/v2\/pages"}],"about":[{"href":"https:\/\/tilefly.com\/de\/wp-json\/wp\/v2\/types\/page"}],"author":[{"embeddable":true,"href":"https:\/\/tilefly.com\/de\/wp-json\/wp\/v2\/users\/65821"}],"replies":[{"embeddable":true,"href":"https:\/\/tilefly.com\/de\/wp-json\/wp\/v2\/comments?post=514753"}],"version-history":[{"count":0,"href":"https:\/\/tilefly.com\/de\/wp-json\/wp\/v2\/pages\/514753\/revisions"}],"wp:attachment":[{"href":"https:\/\/tilefly.com\/de\/wp-json\/wp\/v2\/media?parent=514753"}],"curies":[{"name":"wp","href":"https:\/\/api.w.org\/{rel}","templated":true}]}}